{"id":335,"date":"2020-02-04T10:29:53","date_gmt":"2020-02-04T15:29:53","guid":{"rendered":"http:\/\/corvus.isunderconstruction.com\/?page_id=335"},"modified":"2020-04-28T11:36:11","modified_gmt":"2020-04-28T15:36:11","slug":"wichtige-termine","status":"publish","type":"page","link":"https:\/\/corvustax.com\/de\/wichtige-termine\/","title":{"rendered":"Wichtige Termine"},"content":{"rendered":"<div class=\"wpb-content-wrapper\">[vc_section full_width=&#8220;stretch_row&#8220; content_placement=&#8220;middle&#8220; el_class=&#8220;hero&#8220; el_id=&#8220;services&#8220;][vc_row css=&#8220;.vc_custom_1561734104185{background-image: url(http:\/\/corvus.isunderconstruction.com\/wp-content\/uploads\/2019\/06\/sextant-copy.png?id=238) !important;}&#8220; el_class=&#8220;hero-content-w-bg&#8220;][vc_column][vc_custom_heading text=&#8220;Wichtige Termine&#8220; font_container=&#8220;tag:h1|text_align:left&#8220; use_theme_fonts=&#8220;yes&#8220;][vc_column_text el_class=&#8220;hero-text&#8220;]\n<p class=\"giga\">A list of important dates for filing American tax returns. Reviewing these dates is important to ensure no deadlines are missed and tax filings are completed correctly.<\/p>\n[\/vc_column_text][vc_raw_html el_class=&#8220;stripes-left&#8220;]JTNDc3ZnJTIwaWQlM0QlMjJzdHJpcGVzLWRlY28lMjIlMjBjbGFzcyUzRCUyMnN0cmlwZXMtZGVjbyUyMiUyMGRhdGEtbmFtZSUzRCUyMkxheWVyc3RyaXBlcy1kZWNvJTIyJTIweG1sbnMlM0QlMjJodHRwJTNBJTJGJTJGd3d3LnczLm9yZyUyRjIwMDAlMkZzdmclMjIlMjB2aWV3Qm94JTNEJTIyMCUyMDAlMjAyMTA5JTIwMzYyLjY1JTIyJTNFJTBBJTNDdGl0bGUlM0VzdHJpcGVzJTNDJTJGdGl0bGUlM0UlMEElM0NnJTIwaWQlM0QlMjJHcm91cF82MSUyMiUyMGRhdGEtbmFtZSUzRCUyMkdyb3VwJTIwNjElMjIlM0UlMEElM0NyZWN0JTIwaWQlM0QlMjJSZWN0YW5nbGVfMTklMjIlMjBkYXRhLW5hbWUlM0QlMjJSZWN0YW5nbGUlMjAxOSUyMiUyMHdpZHRoJTNEJTIyMjEwOSUyMiUyMGhlaWdodCUzRCUyMjYzLjI5JTIyJTIwZmlsbCUzRCUyMiUyMzU2MDA0ZSUyMiUyRiUzRSUwQSUzQ3JlY3QlMjBpZCUzRCUyMlJlY3RhbmdsZV8yMCUyMiUyMGRhdGEtbmFtZSUzRCUyMlJlY3RhbmdsZSUyMDIwJTIyJTIweSUzRCUyMjk5Ljc5JTIyJTIwd2lkdGglM0QlMjIyMTA5JTIyJTIwaGVpZ2h0JTNEJTIyNjMuMjklMjIlMjBmaWxsJTNEJTIyJTIzZGMwOTYzJTIyJTJGJTNFJTBBJTNDcmVjdCUyMGlkJTNEJTIyUmVjdGFuZ2xlXzIxJTIyJTIwZGF0YS1uYW1lJTNEJTIyUmVjdGFuZ2xlJTIwMjElMjIlMjB5JTNEJTIyMTk5LjU3JTIyJTIwd2lkdGglM0QlMjIyMTA5JTIyJTIwaGVpZ2h0JTNEJTIyNjMuMjklMjIlMjBmaWxsJTNEJTIyJTIzMDBhZWVmJTIyJTJGJTNFJTBBJTNDcmVjdCUyMGlkJTNEJTIyUmVjdGFuZ2xlXzIyJTIyJTIwZGF0YS1uYW1lJTNEJTIyUmVjdGFuZ2xlJTIwMjIlMjIlMjB5JTNEJTIyMjk5LjM2JTIyJTIwd2lkdGglM0QlMjIyMTA5JTIyJTIwaGVpZ2h0JTNEJTIyNjMuMjklMjIlMjBmaWxsJTNEJTIyJTIzYWNjNDJhJTIyJTJGJTNFJTBBJTNDJTJGZyUzRSUwQSUzQyUyRnN2ZyUzRSUwQQ==[\/vc_raw_html][\/vc_column][\/vc_row][\/vc_section][vc_section full_width=&#8220;stretch_row&#8220; el_id=&#8220;non-residents&#8220; el_class=&#8220;pad-t-2 pad-b-2 bg-lg push-0&#8243;][vc_row el_class=&#8220;pad-t-2 pad-b-2&#8243;][vc_column width=&#8220;1\/2&#8243;][vc_custom_heading text=&#8220;Wichtige Termine&#8220; use_theme_fonts=&#8220;yes&#8220;][\/vc_column][vc_column width=&#8220;1\/2&#8243;][vc_column_text]\n<dl class=\"important-dates\">\n<dt class=\"mega\">15. Februar<\/dt>\n<dd>Sp\u00e4testens an diesem Tag muss Ihr Auftrag bei uns eingegangen sein. Nur dann k\u00f6nnen wir gew\u00e4hrleisten, dass eine Abgabefristverl\u00e4ngerung rechtzeitig beantragt werden kann.<\/dd>\n<dt class=\"mega\">1. M\u00e4rz<\/dt>\n<dd>Der Antrag auf eine zus\u00e4tzliche Fristverl\u00e4ngerung wird eingereicht.<\/dd>\n<dt class=\"mega\">15. April<\/dt>\n<dd>\n<ul>\n<li>Offizieller Abgabetermin f\u00fcr die US-Steuererkl\u00e4rung.<\/li>\n<li>Offizieller Zahlungstermin f\u00fcr f\u00e4llige Steuern.<\/li>\n<li>Datum, ab dem US-Amerikanern Zinsen f\u00fcr nicht gezahlte Steuern in Rechnung gestellt werden.<\/li>\n<\/ul>\n<\/dd>\n<dt class=\"mega\">15. Juni<\/dt>\n<dd>\n<ul>\n<li>Abgabetermin f\u00fcr im Ausland wohnhafte US-Amerikaner.<\/li>\n<li>Datum, ab dem gegen US-Amerikaner ein Bu\u00dfgeld erhoben wird f\u00fcr nicht gezahlte Steuern.<\/li>\n<\/ul>\n<\/dd>\n<dt class=\"mega\">10. September<\/dt>\n<dd>Sp\u00e4testens dann m\u00fcssen die Unterschriftsseiten f\u00fcr Partnerships (Gesellschaften b\u00fcrgerlichen Rechts, Kommanditgesellschaften) eingegangen sein.<\/dd>\n<dt class=\"mega\">15. September<\/dt>\n<dd>Abgabetermin f\u00fcr Partnerships (Gesellschaften b\u00fcrgerlichen Rechts, Kommanditgesellschaften).<\/dd>\n<dt class=\"mega\">10. Dezember<\/dt>\n<dd>Sp\u00e4testens dann m\u00fcssen die Unterschriftsseiten f\u00fcr nat\u00fcrliche und juristische Personen eingegangen sein.<\/dd>\n<dt class=\"mega\">15. Dezember<\/dt>\n<dd>Sp\u00e4testens dann m\u00fcssen die Steuererkl\u00e4rungen f\u00fcr nat\u00fcrliche und juristische Personen eingegangen sein.<\/dd>\n<\/dl>\n[\/vc_column_text][\/vc_column][\/vc_row][\/vc_section]\n<\/div>","protected":false},"excerpt":{"rendered":"<p>[vc_section full_width=&#8220;stretch_row&#8220; content_placement=&#8220;middle&#8220; el_class=&#8220;hero&#8220; el_id=&#8220;services&#8220;][vc_row css=&#8220;.vc_custom_1561734104185{background-image: url(http:\/\/corvus.isunderconstruction.com\/wp-content\/uploads\/2019\/06\/sextant-copy.png?id=238) !important;}&#8220; el_class=&#8220;hero-content-w-bg&#8220;][vc_column][vc_custom_heading text=&#8220;Wichtige Termine&#8220; font_container=&#8220;tag:h1|text_align:left&#8220; use_theme_fonts=&#8220;yes&#8220;][vc_column_text el_class=&#8220;hero-text&#8220;] A list of important dates for filing American tax returns. Reviewing these dates is important to&#8230;<\/p>\n","protected":false},"author":1,"featured_media":0,"parent":0,"menu_order":0,"comment_status":"closed","ping_status":"closed","template":"","meta":{"_acf_changed":false,"footnotes":""},"class_list":["post-335","page","type-page","status-publish"],"acf":[],"_links":{"self":[{"href":"https:\/\/corvustax.com\/de\/wp-json\/wp\/v2\/pages\/335","targetHints":{"allow":["GET"]}}],"collection":[{"href":"https:\/\/corvustax.com\/de\/wp-json\/wp\/v2\/pages"}],"about":[{"href":"https:\/\/corvustax.com\/de\/wp-json\/wp\/v2\/types\/page"}],"author":[{"embeddable":true,"href":"https:\/\/corvustax.com\/de\/wp-json\/wp\/v2\/users\/1"}],"replies":[{"embeddable":true,"href":"https:\/\/corvustax.com\/de\/wp-json\/wp\/v2\/comments?post=335"}],"version-history":[{"count":3,"href":"https:\/\/corvustax.com\/de\/wp-json\/wp\/v2\/pages\/335\/revisions"}],"predecessor-version":[{"id":369,"href":"https:\/\/corvustax.com\/de\/wp-json\/wp\/v2\/pages\/335\/revisions\/369"}],"wp:attachment":[{"href":"https:\/\/corvustax.com\/de\/wp-json\/wp\/v2\/media?parent=335"}],"curies":[{"name":"wp","href":"https:\/\/api.w.org\/{rel}","templated":true}]}}