{"id":318,"date":"2020-02-03T15:26:13","date_gmt":"2020-02-03T20:26:13","guid":{"rendered":"http:\/\/corvus.isunderconstruction.com\/?page_id=318"},"modified":"2024-02-01T12:40:15","modified_gmt":"2024-02-01T17:40:15","slug":"praktisch","status":"publish","type":"page","link":"https:\/\/corvustax.com\/de\/praktisch\/","title":{"rendered":"Praktisch"},"content":{"rendered":"<div class=\"wpb-content-wrapper\">[vc_section content_placement=&#8220;middle&#8220; el_class=&#8220;hero&#8220; el_id=&#8220;services&#8220;][vc_row el_class=&#8220;hero-content-w-bg&#8220; css=&#8220;.vc_custom_1561734315757{background-image: url(http:\/\/corvus.isunderconstruction.com\/wp-content\/uploads\/2019\/06\/sextant.png?id=239) !important;}&#8220;][vc_column][vc_custom_heading text=&#8220;Praktisch&#8220; font_container=&#8220;tag:h1|text_align:left&#8220; use_theme_fonts=&#8220;yes&#8220;][vc_column_text el_class=&#8220;hero-text&#8220;]\n<p class=\"bold\">Hier bieten wir auf US-Steuern bezogene Informationen, von denen wir glauben, dass sie f\u00fcr einige unserer Kunden interessant sein k\u00f6nnten.<\/p>\n<p>Sie finden hier eine \u00dcbersicht von:<\/p>\n<ul>\n<li>h\u00e4ufig gestellten Fragen und deren Antworten,<\/li>\n<li>n\u00fctzlichen Links zu Websites und<\/li>\n<li>Dokumenten mit n\u00e4heren Informationen.<\/li>\n<\/ul>\n<p>Wenn Sie Anregungen f\u00fcr uns haben oder bestimmte Informationen vermissen oder nicht finden konnten, teilen Sie uns dies bitte mit.[\/vc_column_text][vc_raw_html el_class=&#8220;stripes-left&#8220;]JTNDc3ZnJTIwaWQlM0QlMjJzdHJpcGVzLWRlY28lMjIlMjBjbGFzcyUzRCUyMnN0cmlwZXMtZGVjbyUyMiUyMGRhdGEtbmFtZSUzRCUyMkxheWVyc3RyaXBlcy1kZWNvJTIyJTIweG1sbnMlM0QlMjJodHRwJTNBJTJGJTJGd3d3LnczLm9yZyUyRjIwMDAlMkZzdmclMjIlMjB2aWV3Qm94JTNEJTIyMCUyMDAlMjAyMTA5JTIwMzYyLjY1JTIyJTNFJTBBJTNDdGl0bGUlM0VzdHJpcGVzJTNDJTJGdGl0bGUlM0UlMEElM0NnJTIwaWQlM0QlMjJHcm91cF82MSUyMiUyMGRhdGEtbmFtZSUzRCUyMkdyb3VwJTIwNjElMjIlM0UlMEElM0NyZWN0JTIwaWQlM0QlMjJSZWN0YW5nbGVfMTklMjIlMjBkYXRhLW5hbWUlM0QlMjJSZWN0YW5nbGUlMjAxOSUyMiUyMHdpZHRoJTNEJTIyMjEwOSUyMiUyMGhlaWdodCUzRCUyMjYzLjI5JTIyJTIwZmlsbCUzRCUyMiUyMzU2MDA0ZSUyMiUyRiUzRSUwQSUzQ3JlY3QlMjBpZCUzRCUyMlJlY3RhbmdsZV8yMCUyMiUyMGRhdGEtbmFtZSUzRCUyMlJlY3RhbmdsZSUyMDIwJTIyJTIweSUzRCUyMjk5Ljc5JTIyJTIwd2lkdGglM0QlMjIyMTA5JTIyJTIwaGVpZ2h0JTNEJTIyNjMuMjklMjIlMjBmaWxsJTNEJTIyJTIzZGMwOTYzJTIyJTJGJTNFJTBBJTNDcmVjdCUyMGlkJTNEJTIyUmVjdGFuZ2xlXzIxJTIyJTIwZGF0YS1uYW1lJTNEJTIyUmVjdGFuZ2xlJTIwMjElMjIlMjB5JTNEJTIyMTk5LjU3JTIyJTIwd2lkdGglM0QlMjIyMTA5JTIyJTIwaGVpZ2h0JTNEJTIyNjMuMjklMjIlMjBmaWxsJTNEJTIyJTIzMDBhZWVmJTIyJTJGJTNFJTBBJTNDcmVjdCUyMGlkJTNEJTIyUmVjdGFuZ2xlXzIyJTIyJTIwZGF0YS1uYW1lJTNEJTIyUmVjdGFuZ2xlJTIwMjIlMjIlMjB5JTNEJTIyMjk5LjM2JTIyJTIwd2lkdGglM0QlMjIyMTA5JTIyJTIwaGVpZ2h0JTNEJTIyNjMuMjklMjIlMjBmaWxsJTNEJTIyJTIzYWNjNDJhJTIyJTJGJTNFJTBBJTNDJTJGZyUzRSUwQSUzQyUyRnN2ZyUzRSUwQQ==[\/vc_raw_html][\/vc_column][\/vc_row][\/vc_section][vc_section full_width=&#8220;stretch_row&#8220; el_id=&#8220;forms&#8220; el_class=&#8220;bg-lg pad-t-2 pad-b-2&#8243;][vc_row el_class=&#8220;pad-t-2 pad-b-2&#8243;][vc_column width=&#8220;1\/2&#8243;][vc_custom_heading text=&#8220;N\u00fctzliche Dokumente&#8220; use_theme_fonts=&#8220;yes&#8220;][\/vc_column][vc_column width=&#8220;1\/2&#8243;][vc_column_text]\n<p class=\"bold\">In diesem Bereich finden Sie einige g\u00e4ngige Formulare sowie eine kurze Beschreibung dieser Formulare.<\/p>\n<p>Dar\u00fcber hinaus bieten wir Ihnen eine Liste der h\u00e4ufigsten Begriffe und deren Bedeutung. Diese Bedeutungsbeschreibungen dienen ausschlie\u00dflich dazu, Ihnen einen Eindruck zu vermitteln und erheben keinen Anspruch auf eine alle Situationen deckende Erkl\u00e4rung. Somit k\u00f6nnen diesbez\u00fcglich auch keinerlei Rechte geltend gemacht werden. Sollten Sie an dieser Stelle einen Begriff nicht finden k\u00f6nnen, setzen Sie sich bitte mit uns in Verbindung und Sie erhalten schnellstm\u00f6glich eine Antwort.<\/p>\n<p>Wenn Sie mehr \u00fcber die hier aufgef\u00fchrten Begriffe vor dem Hintergrund Ihrer jeweiligen Situation wissen m\u00f6chten, kontaktieren Sie uns bitte. Damit sind zun\u00e4chst keine Kosten verbunden.<\/p>\n<p>Schlie\u00dflich f\u00fchren wir einige Links zu Websites auf, die in diesem Zusammenhang interessant sein k\u00f6nnten. Wir k\u00f6nnen jedoch nicht garantieren, dass die Links, die Websites und die Formulare vollst\u00e4ndig und fehlerfrei sind, da wir keinerlei Einfluss auf deren Erstellung haben.[\/vc_column_text][\/vc_column][\/vc_row][vc_row el_class=&#8220;pad-t-2 pad-b-2&#8243;][vc_column width=&#8220;1\/2&#8243;][vc_custom_heading text=&#8220;Formulare&#8220; font_container=&#8220;tag:h3|text_align:left&#8220; use_theme_fonts=&#8220;yes&#8220;][\/vc_column][vc_column width=&#8220;1\/2&#8243;][vc_row_inner content_placement=&#8220;middle&#8220;][vc_column_inner width=&#8220;1\/2&#8243;][vc_column_text]<strong>Auftragsformular f\u00fcr Personen<\/strong>[\/vc_column_text][\/vc_column_inner][vc_column_inner width=&#8220;1\/2&#8243;][vc_icon icon_fontawesome=&#8220;fa fa-download&#8220; color=&#8220;custom&#8220; align=&#8220;right&#8220; link=&#8220;url:%2Fwp-content%2Fuploads%2F2020%2F05%2FG-info-sheet-ind.pdf|title:Download||&#8220; el_class=&#8220;download-icon&#8220;][\/vc_column_inner][\/vc_row_inner][vc_row_inner content_placement=&#8220;middle&#8220;][vc_column_inner width=&#8220;1\/2&#8243;][vc_column_text]<strong>Auftragsformular f\u00fcr juristische Personen<\/strong>[\/vc_column_text][\/vc_column_inner][vc_column_inner width=&#8220;1\/2&#8243;][vc_icon icon_fontawesome=&#8220;fa fa-download&#8220; color=&#8220;custom&#8220; align=&#8220;right&#8220; link=&#8220;url:%2Fwp-content%2Fuploads%2F2020%2F05%2FG-info-sheet.pdf|title:Download||&#8220; el_class=&#8220;download-icon&#8220;][\/vc_column_inner][\/vc_row_inner][vc_row_inner content_placement=&#8220;middle&#8220;][vc_column_inner width=&#8220;1\/2&#8243;][vc_column_text]<strong>Adress\u00e4nderung, f\u00fcr Personen, Formular 8822<\/strong>[\/vc_column_text][\/vc_column_inner][vc_column_inner width=&#8220;1\/2&#8243;][vc_icon icon_fontawesome=&#8220;fa fa-download&#8220; color=&#8220;custom&#8220; align=&#8220;right&#8220; link=&#8220;url:%2Fwp-content%2Fuploads%2F2020%2F05%2Ff8822.pdf|title:Download||&#8220; el_class=&#8220;download-icon&#8220;][\/vc_column_inner][\/vc_row_inner][vc_row_inner content_placement=&#8220;middle&#8220;][vc_column_inner width=&#8220;1\/2&#8243;][vc_column_text]<strong>Adress\u00e4nderung f\u00fcr juristische Personen, Formular 8822-B<\/strong>[\/vc_column_text][\/vc_column_inner][vc_column_inner width=&#8220;1\/2&#8243;][vc_icon icon_fontawesome=&#8220;fa fa-download&#8220; color=&#8220;custom&#8220; align=&#8220;right&#8220; link=&#8220;url:%2Fwp-content%2Fuploads%2F2020%2F05%2Fform-8822b-corp.pdf|title:Download||&#8220; el_class=&#8220;download-icon&#8220;][\/vc_column_inner][\/vc_row_inner][vc_row_inner content_placement=&#8220;middle&#8220;][vc_column_inner width=&#8220;1\/2&#8243;][vc_column_text]<strong>Vollmacht, Formular 2848<\/strong>[\/vc_column_text][\/vc_column_inner][vc_column_inner width=&#8220;1\/2&#8243;][vc_icon icon_fontawesome=&#8220;fa fa-download&#8220; color=&#8220;custom&#8220; align=&#8220;right&#8220; link=&#8220;url:%2Fwp-content%2Fuploads%2F2020%2F05%2Ff2848.pdf|title:Download||&#8220; el_class=&#8220;download-icon&#8220;][\/vc_column_inner][\/vc_row_inner][vc_row_inner content_placement=&#8220;middle&#8220;][vc_column_inner width=&#8220;1\/2&#8243;][vc_column_text]<strong>Anfragformular W7, f\u00fcr amerikanisch pers\u00f6nlich Steuernummer<\/strong>[\/vc_column_text][\/vc_column_inner][vc_column_inner width=&#8220;1\/2&#8243;][vc_icon icon_fontawesome=&#8220;fa fa-download&#8220; color=&#8220;custom&#8220; align=&#8220;right&#8220; link=&#8220;url:%2Fwp-content%2Fuploads%2F2020%2F05%2Ffw7.pdf|title:Download||&#8220; el_class=&#8220;download-icon&#8220;][\/vc_column_inner][\/vc_row_inner][vc_row_inner content_placement=&#8220;middle&#8220;][vc_column_inner width=&#8220;1\/2&#8243;][vc_column_text]<strong>Anfragformular SS4, f\u00fcr eine juristische Person<\/strong>[\/vc_column_text][\/vc_column_inner][vc_column_inner width=&#8220;1\/2&#8243;][vc_icon icon_fontawesome=&#8220;fa fa-download&#8220; color=&#8220;custom&#8220; align=&#8220;right&#8220; link=&#8220;url:%23|title:Download||&#8220; el_class=&#8220;download-icon&#8220;][\/vc_column_inner][\/vc_row_inner][\/vc_column][\/vc_row][\/vc_section][vc_section full_width=&#8220;stretch_row&#8220; el_class=&#8220;pad-t-2 pad-b-2&#8243;][vc_row el_class=&#8220;pad-t-2 pad-b-2&#8243;][vc_column width=&#8220;1\/2&#8243;][vc_custom_heading text=&#8220;Links&#8220; use_theme_fonts=&#8220;yes&#8220;][\/vc_column][vc_column width=&#8220;1\/2&#8243;][vc_custom_heading text=&#8220;Amerikanisch Finanzamt&#8220; font_container=&#8220;tag:h3|text_align:left&#8220; use_theme_fonts=&#8220;yes&#8220;][vc_column_text]\n<ul class=\"list-group\">\n<li><a href=\"http:\/\/www.irs.gov\/\">Federal<\/a><\/li>\n<li><a href=\"https:\/\/www.irs.gov\/businesses\/small-businesses-self-employed\/state-government-websites\">Bundesstaatlich<\/a><\/li>\n<\/ul>\n[\/vc_column_text][vc_separator el_class=&#8220;pad-t-2 pad-b&#8220;][vc_custom_heading text=&#8220;Anbieter von amerikanischen Investitionen&#8220; font_container=&#8220;tag:h3|text_align:left&#8220; use_theme_fonts=&#8220;yes&#8220;][vc_column_text]\n<ul class=\"list-group\">\n<li><a href=\"https:\/\/www.rubenscapital.nl\/\" target=\"_blank\" rel=\"noopener noreferrer\">Atlantic Reality<\/a><\/li>\n<li><a href=\"https:\/\/realiance.nl\/realiance\/\" target=\"_blank\" rel=\"noopener noreferrer\">Reliance<\/a><\/li>\n<li><a href=\"http:\/\/www.atlanticrealty.nl\/\" target=\"_blank\" rel=\"noopener noreferrer\">Rubens Capital Partne<\/a><\/li>\n<li><a href=\"https:\/\/stonebridgeinvestments.com\/\" target=\"_blank\" rel=\"noopener noreferrer\">Stonebridge Investments<\/a><\/li>\n<li><a href=\"http:\/\/www.westplan.com\/home\/index.php\" target=\"_blank\" rel=\"noopener noreferrer\">Westplan Investors<\/a><\/li>\n<\/ul>\n[\/vc_column_text][vc_separator el_class=&#8220;pad-t-2 pad-b&#8220;][vc_custom_heading text=&#8220;Partner&#8220; font_container=&#8220;tag:h3|text_align:left&#8220; use_theme_fonts=&#8220;yes&#8220;][vc_column_text]\n<ul class=\"list-group\">\n<li><a href=\"https:\/\/www.frazierdeeter.com\" target=\"_blank\" rel=\"noopener noreferrer\">Frazier &amp; Deeter<\/a><\/li>\n<li><a href=\"https:\/\/www.rubenscapital.nl\" target=\"_blank\" rel=\"noopener noreferrer\">Rubens Capital Partner<\/a><\/li>\n<li><a href=\"https:\/\/stonebridgeinvestments.com\" target=\"_blank\" rel=\"noopener noreferrer\">Stonebridge Investments<\/a><\/li>\n<\/ul>\n[\/vc_column_text][\/vc_column][\/vc_row][\/vc_section][vc_row el_class=&#8220;push-0&#8243;][vc_column]<div class=\"templatera_shortcode\"><div class=\"wpb-content-wrapper\">[vc_section full_width=&#8220;stretch_row&#8220; el_id=&#8220;testimonials&#8220; el_class=&#8220;testimonials push-0 bg-green&#8220; css=&#8220;.vc_custom_1561384472057{background-color: #acc42a !important;}&#8220;][vc_row][vc_column width=&#8220;1\/3&#8243;][\/vc_column][vc_column width=&#8220;2\/3&#8243;][vc_raw_html]JTNDYmxvY2txdW90ZSUyMGNsYXNzJTNEJTIydGVzdGltb25pYWxzLXF1b3RlJTIwdGV4dC1yaWdodCUyMHBhZC10LTIlMjBwYWQtYi0yJTIwcmVsYXRpdmUlMjIlM0UlMEElMjAlMjAlM0NzdmclMjBpZCUzRCUyMnF1b3RlcyUyMiUyMGNsYXNzJTNEJTIycXVvdGVzLXN2ZyUyMiUyMGRhdGEtbmFtZSUzRCUyMnF1b3RlcyUyMiUyMHhtbG5zJTNEJTIyaHR0cCUzQSUyRiUyRnd3dy53My5vcmclMkYyMDAwJTJGc3ZnJTIyJTIwdmlld0JveCUzRCUyMjAlMjAwJTIwMTk5LjYyJTIwMTUyLjI5JTIyJTNFJTBBJTIwJTIwJTIwJTIwJTNDdGl0bGUlM0VxdW90ZXMlM0MlMkZ0aXRsZSUzRSUwQSUyMCUyMCUyMCUyMCUzQ3BhdGglMjBpZCUzRCUyMnF1b3Rlcy1ib3R0b20lMjIlMjBjbGFzcyUzRCUyMnF1b3Rlcy1ib3R0b20lMjIlMjBkYXRhLW5hbWUlM0QlMjJib3R0b20lMjIlMjBkJTNEJTIyTTEwMC4wOCUyQzg4Ljg5cTUuNDklMkM5LjI2JTJDNS41MSUyQzIxLjg5JTJDMCUyQzE4LjgxLTEyJTJDMzAuMTVUNjIuOCUyQzE1Mi4yOVE0NCUyQzE1Mi4yOSUyQzMyJTJDMTQwLjkzVDIwJTJDMTEwLjc4YTY0LjUxJTJDNjQuNTElMkMwJTJDMCUyQzElMkMyLjI3LTE2Ljg2cTIuMjUtOC40MyUyQzEwLjM3LTI1LjYyTDU1LjMzJTJDMjBoNDUuNEw4NC41MSUyQzc0Ljc5QTM1Ljg4JTJDMzUuODglMkMwJTJDMCUyQzElMkMxMDAuMDglMkM4OC44OVptOTQlMkMwcTUuNTElMkM5LjI2JTJDNS41MiUyQzIxLjg5JTJDMCUyQzE4LjgxLTEyJTJDMzAuMTV0LTMwLjc5JTJDMTEuMzZxLTE4LjgyJTJDMC0zMC44LTExLjM2dC0xMi0zMC4xNWE2NC45MyUyQzY0LjkzJTJDMCUyQzAlMkMxJTJDMi4yNy0xNi44NnEyLjI2LTguNDMlMkMxMC4zNy0yNS42MkwxNDkuMzYlMkMyMGg0NS40TDE3OC41NCUyQzc0Ljc5YTM1LjkxJTJDMzUuOTElMkMwJTJDMCUyQzElMkMxNS41NiUyQzE0LjFaJTIyJTJGJTNFJTBBJTIwJTIwJTIwJTIwJTNDcGF0aCUyMGlkJTNEJTIycXVvdGVzLXRvcCUyMiUyMGNsYXNzJTNEJTIycXVvdGVzLXRvcCUyMiUyMGRhdGEtbmFtZSUzRCUyMnRvcCUyMiUyMGQlM0QlMjJNODAuMDglMkM2OC44OXE1LjQ5JTJDOS4yNiUyQzUuNTElMkMyMS44OSUyQzAlMkMxOC44MS0xMiUyQzMwLjE1VDQyLjglMkMxMzIuMjlRMjQlMkMxMzIuMjklMkMxMiUyQzEyMC45M1QwJTJDOTAuNzhBNjQuNTElMkM2NC41MSUyQzAlMkMwJTJDMSUyQzIuMjclMkM3My45MlE0LjUyJTJDNjUuNDklMkMxMi42NCUyQzQ4LjNMMzUuMzMlMkMwaDQ1LjRMNjQuNTElMkM1NC43OUEzNS44OCUyQzM1Ljg4JTJDMCUyQzAlMkMxJTJDODAuMDglMkM2OC44OVptOTQlMkMwcTUuNTElMkM5LjI2JTJDNS41MiUyQzIxLjg5JTJDMCUyQzE4LjgxLTEyJTJDMzAuMTV0LTMwLjc5JTJDMTEuMzZxLTE4LjgyJTJDMC0zMC44LTExLjM2VDk0JTJDOTAuNzhhNjQuOTMlMkM2NC45MyUyQzAlMkMwJTJDMSUyQzIuMjctMTYuODZxMi4yNi04LjQzJTJDMTAuMzctMjUuNjJMMTI5LjM2JTJDMGg0NS40TDE1OC41NCUyQzU0Ljc5YTM1LjkxJTJDMzUuOTElMkMwJTJDMCUyQzElMkMxNS41NiUyQzE0LjFaJTIyJTJGJTNFJTBBJTIwJTIwJTNDJTJGc3ZnJTNFJTBBJTIwJTIwJTNDcCUyMGlkJTNEJTIycS1xdW90ZSUyMiUyMGNsYXNzJTNEJTIydGVzdGltb25pYWxzLXRleHQlMjB0ZXh0LWZmZiUyMG1lZ2ElMjBib2xkJTIwcmVsYXRpdmUlMjIlM0VJJTI3dmUlMjBiZWVuJTIwdXNpbmclMjBDb3J2dXMlMjBmb3IlMjBteSUyMEFtZXJpY2FuJTIwdGF4JTIwcmV0dXJucyUyMGZvciUyMHllYXJzLiUyMEklMjBoYXZlJTIwYWx3YXlzJTIwYmVlbiUyMGNvbXBsZXRlbHklMjBzYXRpc2ZpZWQlMjB3aXRoJTIwdGhlaXIlMjBzZXJ2aWNlcy4lMjBJJTIwcGFydGljdWxhcmx5JTIwdmFsdWUlMjB0aGVpciUyMHBlcnNvbmFsJTIwYXBwcm9hY2glMkMlMjBhbmQlMjB0aGUlMjBmYWN0JTIwdGhhdCUyMHRoZXklMjdyZSUyMGFsd2F5cyUyMHdpbGxpbmclMjB0byUyMGdvJTIwdGhlJTIwZXh0cmElMjBtaWxlLiUzQyUyRnAlM0UlMEElMjAlMjAlM0NjaXRlJTIwaWQlM0QlMjJxLW5hbWUlMjIlMjBjbGFzcyUzRCUyMnRlc3RpbW9uaWFscy1uYW1lJTIwYmxvY2slMjBib2xkJTIwbm90LWl0YWxpYyUyMHRleHQtdXBwZXIlMjB0ZXh0LXB1cnBsZSUyMHRlcmElMjIlM0VILiUyMEJydWdnaW5rJTNDJTJGY2l0ZSUzRSUwQSUyMCUyMCUzQ3NwYW4lMjBpZCUzRCUyMnEtbG9jJTIyJTIwY2xhc3MlM0QlMjJ0ZXN0aW1vbmlhbHMtbG9jYXRpb24lMjB0ZXh0LXVwcGVyJTIwdGV4dC1wdXJwbGUlMjBtZWdhJTIyJTNFVGhlJTIwTmV0aGVybGFuZHMlM0MlMkZzcGFuJTNFJTBBJTNDJTJGYmxvY2txdW90ZSUzRSUwQQ==[\/vc_raw_html][vc_raw_js]JTNDc2NyaXB0JTNFJTBBJTI0LmdldEpTT04lMjglMjclMkZ3cC1jb250ZW50JTJGdGhlbWVzJTJGc2FsaWVudC1jaGlsZCUyRnF1b3Rlcy1kZS5qc29uJTI3JTI5LmRvbmUlMjhmdW5jdGlvbiUyOGRhdGElMjklN0IlMEElMjAlMjB2YXIlMjBxdW90ZSUyMCUzRCUyMGRhdGElNUJNYXRoLmZsb29yJTI4TWF0aC5yYW5kb20lMjglMjklMkFkYXRhLmxlbmd0aCUyOSU1RCUzQiUwQSUwQSUyMCUyMCUyNCUyOCUyNyUyM3EtcXVvdGUlMjclMjkudGV4dCUyOHF1b3RlLnF1b3RlJTI5JTNCJTBBJTIwJTIwJTI0JTI4JTI3JTIzcS1uYW1lJTI3JTI5LnRleHQlMjhxdW90ZS5uYW1lJTI5JTNCJTBBJTIwJTIwJTI0JTI4JTI3JTIzcS1sb2MlMjclMjkudGV4dCUyOHF1b3RlLmxvYyUyOSUzQiUwQSU3RCUyOSUzQiUwQSUzQyUyRnNjcmlwdCUzRQ==[\/vc_raw_js][\/vc_column][\/vc_row][\/vc_section]\n<\/div><\/div>[\/vc_column][\/vc_row]\n<\/div>","protected":false},"excerpt":{"rendered":"<p>[vc_section content_placement=&#8220;middle&#8220; el_class=&#8220;hero&#8220; el_id=&#8220;services&#8220;][vc_row el_class=&#8220;hero-content-w-bg&#8220; css=&#8220;.vc_custom_1561734315757{background-image: url(http:\/\/corvus.isunderconstruction.com\/wp-content\/uploads\/2019\/06\/sextant.png?id=239) !important;}&#8220;][vc_column][vc_custom_heading text=&#8220;Praktisch&#8220; font_container=&#8220;tag:h1|text_align:left&#8220; use_theme_fonts=&#8220;yes&#8220;][vc_column_text el_class=&#8220;hero-text&#8220;] Hier bieten wir auf US-Steuern bezogene Informationen, von denen wir glauben, dass sie f\u00fcr einige unserer Kunden interessant&#8230;<\/p>\n","protected":false},"author":1,"featured_media":0,"parent":0,"menu_order":0,"comment_status":"closed","ping_status":"closed","template":"","meta":{"_acf_changed":false,"footnotes":""},"class_list":["post-318","page","type-page","status-publish"],"acf":[],"_links":{"self":[{"href":"https:\/\/corvustax.com\/de\/wp-json\/wp\/v2\/pages\/318","targetHints":{"allow":["GET"]}}],"collection":[{"href":"https:\/\/corvustax.com\/de\/wp-json\/wp\/v2\/pages"}],"about":[{"href":"https:\/\/corvustax.com\/de\/wp-json\/wp\/v2\/types\/page"}],"author":[{"embeddable":true,"href":"https:\/\/corvustax.com\/de\/wp-json\/wp\/v2\/users\/1"}],"replies":[{"embeddable":true,"href":"https:\/\/corvustax.com\/de\/wp-json\/wp\/v2\/comments?post=318"}],"version-history":[{"count":13,"href":"https:\/\/corvustax.com\/de\/wp-json\/wp\/v2\/pages\/318\/revisions"}],"predecessor-version":[{"id":510,"href":"https:\/\/corvustax.com\/de\/wp-json\/wp\/v2\/pages\/318\/revisions\/510"}],"wp:attachment":[{"href":"https:\/\/corvustax.com\/de\/wp-json\/wp\/v2\/media?parent=318"}],"curies":[{"name":"wp","href":"https:\/\/api.w.org\/{rel}","templated":true}]}}