{"id":295,"date":"2020-01-23T12:31:08","date_gmt":"2020-01-23T17:31:08","guid":{"rendered":"http:\/\/corvus.isunderconstruction.com\/?page_id=295"},"modified":"2026-01-27T13:12:02","modified_gmt":"2026-01-27T18:12:02","slug":"unsere-leistungen","status":"publish","type":"page","link":"https:\/\/corvustax.com\/de\/unsere-leistungen\/","title":{"rendered":"Unsere Leistungen"},"content":{"rendered":"<div class=\"wpb-content-wrapper\">[vc_section full_width=&#8220;stretch_row&#8220; content_placement=&#8220;middle&#8220; el_class=&#8220;hero&#8220; el_id=&#8220;services&#8220;][vc_row css=&#8220;.vc_custom_1561734104185{background-image: url(http:\/\/corvus.isunderconstruction.com\/wp-content\/uploads\/2019\/06\/sextant-copy.png?id=238) !important;}&#8220; el_class=&#8220;hero-content-w-bg&#8220;][vc_column][vc_custom_heading text=&#8220;Unsere Leistungen&#8220; font_container=&#8220;tag:h1|text_align:left&#8220; use_theme_fonts=&#8220;yes&#8220;][vc_column_text el_class=&#8220;hero-text&#8220;]\n<p class=\"giga\">Corvus Tax ist spezialisiert auf die Erstellung und die gesamte Abwicklung von US-Steuererkl\u00e4rungen f\u00fcr alle, die nicht in den USA wohnhaft, aber dennoch zur Abgabe einer US-Steuererkl\u00e4rung verpflichtet sind. Wir haben auch jahrelange Erfahrung in der Erstellung und Einreichung von Antr\u00e4gen f\u00fcr US-Steuernummern f\u00fcr nat\u00fcrliche Personen, Individual Tax Identifying Numbers (ITINs) sowie f\u00fcr juristische Personen, Employer Identifying Numbers (EINs).<\/p>\n[\/vc_column_text][vc_raw_html el_class=&#8220;stripes-left&#8220;]JTNDc3ZnJTIwaWQlM0QlMjJzdHJpcGVzLWRlY28lMjIlMjBjbGFzcyUzRCUyMnN0cmlwZXMtZGVjbyUyMiUyMGRhdGEtbmFtZSUzRCUyMkxheWVyc3RyaXBlcy1kZWNvJTIyJTIweG1sbnMlM0QlMjJodHRwJTNBJTJGJTJGd3d3LnczLm9yZyUyRjIwMDAlMkZzdmclMjIlMjB2aWV3Qm94JTNEJTIyMCUyMDAlMjAyMTA5JTIwMzYyLjY1JTIyJTNFJTBBJTNDdGl0bGUlM0VzdHJpcGVzJTNDJTJGdGl0bGUlM0UlMEElM0NnJTIwaWQlM0QlMjJHcm91cF82MSUyMiUyMGRhdGEtbmFtZSUzRCUyMkdyb3VwJTIwNjElMjIlM0UlMEElM0NyZWN0JTIwaWQlM0QlMjJSZWN0YW5nbGVfMTklMjIlMjBkYXRhLW5hbWUlM0QlMjJSZWN0YW5nbGUlMjAxOSUyMiUyMHdpZHRoJTNEJTIyMjEwOSUyMiUyMGhlaWdodCUzRCUyMjYzLjI5JTIyJTIwZmlsbCUzRCUyMiUyMzU2MDA0ZSUyMiUyRiUzRSUwQSUzQ3JlY3QlMjBpZCUzRCUyMlJlY3RhbmdsZV8yMCUyMiUyMGRhdGEtbmFtZSUzRCUyMlJlY3RhbmdsZSUyMDIwJTIyJTIweSUzRCUyMjk5Ljc5JTIyJTIwd2lkdGglM0QlMjIyMTA5JTIyJTIwaGVpZ2h0JTNEJTIyNjMuMjklMjIlMjBmaWxsJTNEJTIyJTIzZGMwOTYzJTIyJTJGJTNFJTBBJTNDcmVjdCUyMGlkJTNEJTIyUmVjdGFuZ2xlXzIxJTIyJTIwZGF0YS1uYW1lJTNEJTIyUmVjdGFuZ2xlJTIwMjElMjIlMjB5JTNEJTIyMTk5LjU3JTIyJTIwd2lkdGglM0QlMjIyMTA5JTIyJTIwaGVpZ2h0JTNEJTIyNjMuMjklMjIlMjBmaWxsJTNEJTIyJTIzMDBhZWVmJTIyJTJGJTNFJTBBJTNDcmVjdCUyMGlkJTNEJTIyUmVjdGFuZ2xlXzIyJTIyJTIwZGF0YS1uYW1lJTNEJTIyUmVjdGFuZ2xlJTIwMjIlMjIlMjB5JTNEJTIyMjk5LjM2JTIyJTIwd2lkdGglM0QlMjIyMTA5JTIyJTIwaGVpZ2h0JTNEJTIyNjMuMjklMjIlMjBmaWxsJTNEJTIyJTIzYWNjNDJhJTIyJTJGJTNFJTBBJTNDJTJGZyUzRSUwQSUzQyUyRnN2ZyUzRSUwQQ==[\/vc_raw_html][\/vc_column][\/vc_row][\/vc_section][vc_section full_width=&#8220;stretch_row&#8220; el_id=&#8220;nicht-us-staatsburger&#8220; el_class=&#8220;pad-t-2 pad-b-2 bg-lg push-0&#8243;][vc_row el_class=&#8220;pad-t-2 pad-b-2&#8243;][vc_column width=&#8220;2\/3&#8243;][vc_custom_heading text=&#8220;Nicht-US-Staatsb\u00fcrger&#8220; use_theme_fonts=&#8220;yes&#8220;][vc_column_text]Nicht-US-Amerikaner, die Eink\u00fcnfte in den USA haben, sind in fast allen F\u00e4llen zur Abgabe einer Steuererkl\u00e4rung verpflichtet. Es handelt sich dabei um eine gesetzliche Verpflichtung, die durch die Vorerhebung einer Einkommensteuer aufrechterhalten wird oder durch Erhebung der Steuer bei Abgabe der Erkl\u00e4rung. Bei Nichterf\u00fcllung oder eine falsche\/unvollst\u00e4ndige Erkl\u00e4rung kann die US-Steuerbeh\u00f6rde Bu\u00dfgelder verh\u00e4ngen.[\/vc_column_text][\/vc_column][\/vc_row][vc_row][vc_column][vc_separator border_width=&#8220;2&#8243;][\/vc_column][\/vc_row][vc_row el_class=&#8220;pad-t-2 pad-b-2&#8243;][vc_column width=&#8220;1\/2&#8243;][vc_custom_heading text=&#8220;Steuererkl\u00e4rung einreichen&#8220; font_container=&#8220;tag:h3|text_align:left&#8220; use_theme_fonts=&#8220;yes&#8220;][\/vc_column][vc_column width=&#8220;1\/2&#8243;][vc_column_text]Wenn Sie Corvus mit der Erstellung und Abgabe Ihrer US-Steuererkl\u00e4rung(en) beauftragen, wird Ihnen die meiste Arbeit abgenommen. Sie lassen uns einfach die Angaben, die Sie m\u00f6glicherweise bereits erhalten haben, zukommen und wir erstellen daraufhin eine Steuererkl\u00e4rung f\u00fcr Sie.<\/p>\n<ul>\n<li>Als N\u00e4chstes erhalten Sie von uns auf dem Postweg Folgendes:<\/li>\n<li>Einen Brief, in dem Ihnen mitgeteilt wird, was Sie zu tun haben sowie eine Darlegung des Ergebnisses,<\/li>\n<li>Unterschriftsseiten,<\/li>\n<li>eine einseitige deutschsprachige Zusammenfassung der Steuererkl\u00e4rung und<\/li>\n<li>unsere Rechnung,<\/li>\n<\/ul>\n<p>Sie brauchen dann nur noch auf den Unterschriftsseiten zu unterschreiben und diese Seiten an uns zur\u00fcckzuschicken. Wir reichen die Steuererkl\u00e4rung daraufhin per Einschreiben f\u00fcr Sie ein.<\/p>\n<p>Die gesamte Korrespondenz mit der US-amerikanischen Steuerbeh\u00f6rde l\u00e4uft \u00fcber unsere Kanzlei, sodass wir eventuelle Fragen direkt und ohne Ihr Zutun beantworten k\u00f6nnen. Wenn n\u00f6tig, werden wir umgehend Kontakt mit Ihnen aufnehmen.[\/vc_column_text][\/vc_column][\/vc_row][vc_row][vc_column][vc_separator border_width=&#8220;2&#8243;][\/vc_column][\/vc_row][vc_row el_class=&#8220;pad-t-2 pad-b-2&#8243;][vc_column width=&#8220;1\/2&#8243;][vc_custom_heading text=&#8220;Tarife&#8220; font_container=&#8220;tag:h3|text_align:left&#8220; use_theme_fonts=&#8220;yes&#8220;][\/vc_column][vc_column width=&#8220;1\/2&#8243;][vc_column_text]Unsere Tarife f\u00fcr die Erstellung und Abgabe von US-Steuererkl\u00e4rungen f\u00fcr Nicht-US-Amerikaner richten sich nach der Anzahl der Projekte und dem \u201esteuerlichen\u201c Inhalt dieser Projekte. Unter dem Men\u00fcpunkt Tarife finden Sie n\u00e4here Informationen zur Tarifstruktur. Sowohl die Anzahl der Projekte als auch deren steuerlicher Inhalt spielen hier eine Rolle, weil die Arbeitslast bei Projekten mit Withholding h\u00f6her ist als bei Projekten ohne Withholding.[\/vc_column_text][\/vc_column][\/vc_row][vc_row][vc_column][vc_separator border_width=&#8220;2&#8243;][\/vc_column][\/vc_row][vc_row el_class=&#8220;pad-t-2 pad-b-2&#8243;][vc_column width=&#8220;1\/2&#8243;][vc_custom_heading text=&#8220;Beratung&#8220; font_container=&#8220;tag:h3|text_align:left&#8220; use_theme_fonts=&#8220;yes&#8220;][vc_column_text]Selbstverst\u00e4ndlich k\u00f6nnen Sie sich jederzeit an uns wenden, wenn Sie Fragen mit Bezug auf US-Steuerangelegenheiten haben schauen Sie auf unserer Website unter Informationen[\/vc_column_text][\/vc_column][vc_column width=&#8220;1\/2&#8243;][vc_custom_heading text=&#8220;Lieferzeiten&#8220; font_container=&#8220;tag:h3|text_align:left&#8220; use_theme_fonts=&#8220;yes&#8220;][vc_column_text]Unter Wichtige Termine sind die jeweiligen Abgabefristen aufgef\u00fchrt.[\/vc_column_text][\/vc_column][\/vc_row][\/vc_section][vc_section full_width=&#8220;stretch_row&#8220; el_id=&#8220;itin-antrage&#8220; el_class=&#8220;pad-t-2 pad-b-2 push-0&#8243;][vc_row el_class=&#8220;pad-t-2 pad-b-2&#8243;][vc_column width=&#8220;2\/3&#8243;][vc_custom_heading text=&#8220;ITIN-Antr\u00e4ge&#8220; use_theme_fonts=&#8220;yes&#8220;][vc_column_text]Nicht-US-Amerikaner mit Eink\u00fcnften in den USA m\u00fcssen in fast allen F\u00e4llen eine Steuernummer haben, damit sie<\/p>\n<ul>\n<li>eine US-Steuererkl\u00e4rung abgeben k\u00f6nnen,<\/li>\n<li>nachweisen k\u00f6nnen, dass sie keine US-Steuererkl\u00e4rung abzugeben brauchen,<\/li>\n<li>f\u00fcr bestimmte Regelungen in Betracht kommen oder bestimmte Regelungen nutzen k\u00f6nnen oder<\/li>\n<li>einem US-amerikanischen Gegen\u00fcber beweisen k\u00f6nnen, dass sie von zus\u00e4tzlichen, ihnen beh\u00f6rdlicherseits auferlegten Bestimmungen freigestellt sind.<\/li>\n<\/ul>\n<p>Wir haben als Certified Acceptance Agent in der Vergangenheit umfangreiche Erfahrungen gesammelt, im Namen der US-amerikanischen Steuerbeh\u00f6rde IRS Echtheitsbest\u00e4tigungen von Ausweisen auszustellen. Aufgrund von Verfahrens\u00e4nderungen gibt es keinen Grund mehr Certified Acceptance Agent zu sein. Jetzt m\u00fcssen die Identit\u00e4ten vom Emittenten, der Regierung so in der Regel die Gemeinde, \u00fcberpr\u00fcft werden. Wir vergeben jedoch keine Steuernummern, die Vergabe von Steuernummern ist der US-Steuerbeh\u00f6rde vorbehalten.[\/vc_column_text][\/vc_column][\/vc_row][vc_row][vc_column][vc_separator border_width=&#8220;2&#8243;][\/vc_column][\/vc_row][vc_row el_class=&#8220;pad-t-2 pad-b-2&#8243;][vc_column width=&#8220;1\/2&#8243;][vc_custom_heading text=&#8220;Anfrage ITIN&#8220; font_container=&#8220;tag:h3|text_align:left&#8220; use_theme_fonts=&#8220;yes&#8220;][\/vc_column][vc_column width=&#8220;1\/2&#8243;][vc_column_text]Um f\u00fcr eine nat\u00fcrliche Person eine Individual Taxpayer Identifying Number (ITIN, Steuernummer) beantragen zu k\u00f6nnen, ben\u00f6tigen wir folgende Angaben\/Unterlagen:<\/p>\n<ul>\n<li>Eine Kopie Ihres g\u00fcltigen Reisepasses oder Personalausweises und Geburtsurkunde,<\/li>\n<li>den Grund, weshalb Sie den Antrag stellen,<\/li>\n<li>einen Nachweis, mit dem Sie den Grund f\u00fcr die Antragstellung belegen und<\/li>\n<li>Ihre Postanschrift.<\/li>\n<\/ul>\n<p>Sie m\u00fcssen also nicht mehr pers\u00f6nlich zur \u00dcberpr\u00fcfung vorbeikommen, da dies vom Emittenten vorgenommen werden muss.In der Regel ist das das Rathaus oder eine Botschaft oder ein Konsulat. Sie m\u00fcssen uns dann die beglaubigte Originalkopie zusenden.<\/p>\n<p>Die Dauer dieses Verfahrens betr\u00e4gt nach Angaben des IRS 6 bis 8 Wochen. Unserer Erfahrung nach ist \u2013 wahrscheinlich aufgrund des internationalen Postverkehrs \u2013 eher mit 8 bis 10 Wochen zu rechnen. Wir haben weder Einfluss auf das Tempo, mit dem der IRS einen Antrag bearbeitet noch auf die Tatsache, ob eine Steuernummer tats\u00e4chlich zuerkannt wird.[\/vc_column_text][\/vc_column][\/vc_row][vc_row][vc_column][vc_separator border_width=&#8220;2&#8243;][\/vc_column][\/vc_row][vc_row el_class=&#8220;pad-t-2 pad-b-2&#8243;][vc_column width=&#8220;1\/2&#8243;][vc_custom_heading text=&#8220;Anfrage EIN&#8220; font_container=&#8220;tag:h3|text_align:left&#8220; use_theme_fonts=&#8220;yes&#8220;][\/vc_column][vc_column width=&#8220;1\/2&#8243;][vc_column_text]Um f\u00fcr eine juristische Person eine Employer Identification Number (EIN, Steuernummer) beantragen zu k\u00f6nnen, ben\u00f6tigen wir folgende Angaben\/Unterlagen:<\/p>\n<ul>\n<li>Einen Handelsregisterauszug,<\/li>\n<li>eine Kopie des Reisepasses des\/der Zeichnungsberechtigten,<\/li>\n<li>eine Beschreibung der gewerblichen T\u00e4tigkeiten,<\/li>\n<li>Angaben zum letzten Monat Ihres Gesch\u00e4ftsjahres,<\/li>\n<li>Anzahl der Besch\u00e4ftigten in den USA und<\/li>\n<li>Ihre Postanschrift.<\/li>\n<\/ul>\n<p>Im Gegensatz zu einer ITIN, ist bei der Beantragung einer EIN ein Eilverfahren m\u00f6glich. Sobald das unterzeichnete Antragsformular eingegangen ist, k\u00f6nnen wir innerhalb von zwei Tagen eine Nummer bekommen.[\/vc_column_text][\/vc_column][\/vc_row][vc_row][vc_column][vc_separator border_width=&#8220;2&#8243;][\/vc_column][\/vc_row][vc_row el_class=&#8220;pad-t-2 pad-b-2&#8243;][vc_column width=&#8220;1\/2&#8243;][vc_custom_heading text=&#8220;Tarife&#8220; font_container=&#8220;tag:h3|text_align:left&#8220; use_theme_fonts=&#8220;yes&#8220;][\/vc_column][vc_column width=&#8220;1\/2&#8243;][vc_column_text]Unsere Tarife f\u00fcr das Beantragen von US-Steuernummern richten sich nach der Art des Antragstellers (ITIN oder EIN) und im Falle einer EIN auch danach, wie schnell die Nummer ben\u00f6tigt wird.[\/vc_column_text][\/vc_column][\/vc_row][\/vc_section][vc_section full_width=&#8220;stretch_row&#8220; el_id=&#8220;beratung&#8220; el_class=&#8220;pad-b-2&#8243;][vc_row][vc_column width=&#8220;1\/2&#8243; el_class=&#8220;floating floating-left floating-pink floating-spacer-top-m zindex-2 pad-t-2 pad-b-2 floating-date-title&#8220;][vc_custom_heading text=&#8220;Beratung&#8220; use_theme_fonts=&#8220;yes&#8220; el_class=&#8220;text-fff h2-dates&#8220;][\/vc_column][vc_column width=&#8220;1\/2&#8243; el_class=&#8220;floating floating-right floating-right-overlap floating-blue floating-date image-after image-after-left image-after-left-bottom-l image-after-compass pad-t-2 pad-b-2&#8243;][vc_column_text el_class=&#8220;date-paragraph text-purple mega&#8220;]\n<p class=\"mega text-fff bold\">Wenn Sie sich mit Bezug auf US-amerikanische Steuerangelegenheiten beraten lassen w\u00fcrden, k\u00f6nnen Sie sich jederzeit an uns wenden. Sie sind bereits Kunde bei uns, jedoch in einer anderen Angelegenheit? Dann ist dieser Beratungsservice im Prinzip kostenlos.<\/p>\n<p>Doch auch wenn Sie kein Kunde bei uns sind und auch nicht beabsichtigen, einer zu werden, k\u00f6nnen wir Ihnen auf diesem Gebiet behilflich sein.<br \/>\nWir beraten unter anderem Anbieter von Investitionen in US-Unternehmen auf der ganzen Welt. Au\u00dferdem k\u00f6nnen wir bei Prozessen mit Bezug auf US-Steuern als Sachverst\u00e4ndige in den Zeugenstand gerufen.<\/p>\n<p>Wenn Sie glauben, wir k\u00f6nnten Ihnen irgendwie behilflich sein, laden wir Sie herzlich ein, uns zwecks eines kostenlosen Erstgespr\u00e4chs zu kontaktieren.[\/vc_column_text][\/vc_column][\/vc_row][\/vc_section][vc_section el_id=&#8220;tarife&#8220; el_class=&#8220;pad-t-2 pad-b-2&#8243;][vc_row el_class=&#8220;pad-t-2 pad-b-2&#8243;][vc_column width=&#8220;2\/3&#8243;][vc_custom_heading text=&#8220;Tarife&#8220; use_theme_fonts=&#8220;yes&#8220;][vc_column_text]Steuererkl\u00e4rungen andere Preise zu berechnen. In einem solchen Fall bitten wir Sie zuvor jedoch um Ihr Einverst\u00e4ndnis und werden die Abweichung(en) n\u00e4her erl\u00e4utern.[\/vc_column_text][\/vc_column][\/vc_row][vc_row][vc_column][vc_separator border_width=&#8220;2&#8243;][\/vc_column][\/vc_row][vc_row el_class=&#8220;pad-t-2 pad-b-2&#8243;][vc_column width=&#8220;1\/2&#8243;][\/vc_column][vc_column width=&#8220;1\/2&#8243;][vc_column_text css=&#8220;&#8220;]\n<dl class=\"fees-list push-0\">\n<dt>Grundtarif<\/dt>\n<dd>\u20ac 459<\/dd>\n<dt>Zuschlag f\u00fcr juristische Personen<\/dt>\n<dd>\u20ac 205<\/dd>\n<dt>Zuschlag f\u00fcr transparente Einheit<\/dt>\n<dd>\u20ac 764<\/dd>\n<dt>Zuschlag von Einkommensquellen\/K-1\u2019s nat\u00fcrliche Personen<\/dt>\n<dd>\u20ac 90<\/dd>\n<dt>Zuschlag von Einkommensquellen\/K-1\u2019s juristische Personen<\/dt>\n<dd>\u20ac 101<\/dd>\n<dt>Zuschlag R\u00fcckerstattung\/f\u00e4llige Steuer<\/dt>\n<dd>\u20ac 82<\/dd>\n<dt>Zuschlag mehr Staaten als Projekte nat\u00fcrliche Personen<\/dt>\n<dd>\u20ac 94<\/dd>\n<dt>Zuschlag mehr Staaten als Projekte juristische Personen<\/dt>\n<dd>\u20ac 102<\/dd>\n<dt>Zuschlag versp\u00e4tete Steuererkl\u00e4rung (vorherige Jahre)<\/dt>\n<dd>\u20ac 90<\/dd>\n<dt>Anfrage amerikanische Steuernummer (ITIN) mit Steuererkl\u00e4rung<\/dt>\n<dd>\u20ac \u200e153<\/dd>\n<dt>Anfrage amerikanische Steuernummer (EIN)<\/dt>\n<dd>\u20ac 225<\/dd>\n<\/dl>\n[\/vc_column_text][\/vc_column][\/vc_row][vc_row disable_element=&#8220;yes&#8220; el_class=&#8220;pad-t-2 pad-b-2&#8243;][vc_column width=&#8220;1\/2&#8243;][vc_custom_heading text=&#8220;Tarife f\u00fcr US-Amerikaner:&#8220; font_container=&#8220;tag:h3|text_align:left&#8220; use_theme_fonts=&#8220;yes&#8220;][\/vc_column][vc_column width=&#8220;1\/2&#8243;][vc_column_text]\n<dl class=\"fees-list push-0\">\n<dt>Basistarif f\u00fcr die erste Einnahmequelle<\/dt>\n<dd>\u20ac 326<\/dd>\n<dt>J\u00e4hrlicher Aufpreis f\u00fcr juristische Personen<\/dt>\n<dd>\u20ac 91<\/dd>\n<dt>Aufpreis f\u00fcr folgende Einnahmequellen jeweils<\/dt>\n<dd>\u20ac 69<\/dd>\n<dt>Aufpreis pro Vorsteuer oder\u00a0positive Eink\u00fcnfte, pro Projekt<\/dt>\n<dd>\u20ac 61<\/dd>\n<dt>Aufpreis pro Bundesstaatsteuererkl\u00e4rung \u00fcber der Anzahl der Einkunftsquellens<\/dt>\n<dd>\u20ac 65<\/dd>\n<dt>Aufpreis pro Steuererkl\u00e4rung, deren Abgabefrist bereits abgelaufen ist<\/dt>\n<dd>\u20ac 66<\/dd>\n<\/dl>\n[\/vc_column_text][\/vc_column][\/vc_row][vc_row disable_element=&#8220;yes&#8220;][vc_column][vc_separator border_width=&#8220;2&#8243;][\/vc_column][\/vc_row][vc_row disable_element=&#8220;yes&#8220; el_class=&#8220;pad-t-2 pad-b-2&#8243;][vc_column width=&#8220;1\/2&#8243;][vc_custom_heading text=&#8220;Beantragen von Steuernummern:&#8220; font_container=&#8220;tag:h3|text_align:left&#8220; use_theme_fonts=&#8220;yes&#8220;][\/vc_column][vc_column width=&#8220;1\/2&#8243;][vc_column_text]\n<dl class=\"fees-list push-0\">\n<dt>Anfrag pers\u00f6nlich Steuernummer nicht f\u00fcr Steuererkl\u00e4rung<\/dt>\n<dd>\u20ac 200<\/dd>\n<dt>Anfrag Steuernummer f\u00fcr eine juristische Person (EIN)<\/dt>\n<dd>\u20ac 212<\/dd>\n<\/dl>\n[\/vc_column_text][\/vc_column][\/vc_row][vc_row disable_element=&#8220;yes&#8220;][vc_column][vc_separator border_width=&#8220;2&#8243;][\/vc_column][\/vc_row][vc_row disable_element=&#8220;yes&#8220; el_class=&#8220;pad-t-2 pad-b-2&#8243;][vc_column width=&#8220;1\/2&#8243;][vc_custom_heading text=&#8220;Beratung:&#8220; font_container=&#8220;tag:h3|text_align:left&#8220; use_theme_fonts=&#8220;yes&#8220;][\/vc_column][vc_column width=&#8220;1\/2&#8243;][vc_column_text]\n<dl class=\"fees-list push-0\">\n<dt>Standard Stundensatz<\/dt>\n<dd>\u20ac 125<\/dd>\n<\/dl>\n[\/vc_column_text][\/vc_column][\/vc_row][\/vc_section][vc_row el_class=&#8220;push-0&#8243;][vc_column]<div class=\"templatera_shortcode\"><div class=\"wpb-content-wrapper\">[vc_section full_width=&#8220;stretch_row&#8220; el_id=&#8220;testimonials&#8220; el_class=&#8220;testimonials push-0 bg-green&#8220; css=&#8220;.vc_custom_1561384472057{background-color: #acc42a !important;}&#8220;][vc_row][vc_column width=&#8220;1\/3&#8243;][\/vc_column][vc_column width=&#8220;2\/3&#8243;][vc_raw_html]JTNDYmxvY2txdW90ZSUyMGNsYXNzJTNEJTIydGVzdGltb25pYWxzLXF1b3RlJTIwdGV4dC1yaWdodCUyMHBhZC10LTIlMjBwYWQtYi0yJTIwcmVsYXRpdmUlMjIlM0UlMEElMjAlMjAlM0NzdmclMjBpZCUzRCUyMnF1b3RlcyUyMiUyMGNsYXNzJTNEJTIycXVvdGVzLXN2ZyUyMiUyMGRhdGEtbmFtZSUzRCUyMnF1b3RlcyUyMiUyMHhtbG5zJTNEJTIyaHR0cCUzQSUyRiUyRnd3dy53My5vcmclMkYyMDAwJTJGc3ZnJTIyJTIwdmlld0JveCUzRCUyMjAlMjAwJTIwMTk5LjYyJTIwMTUyLjI5JTIyJTNFJTBBJTIwJTIwJTIwJTIwJTNDdGl0bGUlM0VxdW90ZXMlM0MlMkZ0aXRsZSUzRSUwQSUyMCUyMCUyMCUyMCUzQ3BhdGglMjBpZCUzRCUyMnF1b3Rlcy1ib3R0b20lMjIlMjBjbGFzcyUzRCUyMnF1b3Rlcy1ib3R0b20lMjIlMjBkYXRhLW5hbWUlM0QlMjJib3R0b20lMjIlMjBkJTNEJTIyTTEwMC4wOCUyQzg4Ljg5cTUuNDklMkM5LjI2JTJDNS41MSUyQzIxLjg5JTJDMCUyQzE4LjgxLTEyJTJDMzAuMTVUNjIuOCUyQzE1Mi4yOVE0NCUyQzE1Mi4yOSUyQzMyJTJDMTQwLjkzVDIwJTJDMTEwLjc4YTY0LjUxJTJDNjQuNTElMkMwJTJDMCUyQzElMkMyLjI3LTE2Ljg2cTIuMjUtOC40MyUyQzEwLjM3LTI1LjYyTDU1LjMzJTJDMjBoNDUuNEw4NC41MSUyQzc0Ljc5QTM1Ljg4JTJDMzUuODglMkMwJTJDMCUyQzElMkMxMDAuMDglMkM4OC44OVptOTQlMkMwcTUuNTElMkM5LjI2JTJDNS41MiUyQzIxLjg5JTJDMCUyQzE4LjgxLTEyJTJDMzAuMTV0LTMwLjc5JTJDMTEuMzZxLTE4LjgyJTJDMC0zMC44LTExLjM2dC0xMi0zMC4xNWE2NC45MyUyQzY0LjkzJTJDMCUyQzAlMkMxJTJDMi4yNy0xNi44NnEyLjI2LTguNDMlMkMxMC4zNy0yNS42MkwxNDkuMzYlMkMyMGg0NS40TDE3OC41NCUyQzc0Ljc5YTM1LjkxJTJDMzUuOTElMkMwJTJDMCUyQzElMkMxNS41NiUyQzE0LjFaJTIyJTJGJTNFJTBBJTIwJTIwJTIwJTIwJTNDcGF0aCUyMGlkJTNEJTIycXVvdGVzLXRvcCUyMiUyMGNsYXNzJTNEJTIycXVvdGVzLXRvcCUyMiUyMGRhdGEtbmFtZSUzRCUyMnRvcCUyMiUyMGQlM0QlMjJNODAuMDglMkM2OC44OXE1LjQ5JTJDOS4yNiUyQzUuNTElMkMyMS44OSUyQzAlMkMxOC44MS0xMiUyQzMwLjE1VDQyLjglMkMxMzIuMjlRMjQlMkMxMzIuMjklMkMxMiUyQzEyMC45M1QwJTJDOTAuNzhBNjQuNTElMkM2NC41MSUyQzAlMkMwJTJDMSUyQzIuMjclMkM3My45MlE0LjUyJTJDNjUuNDklMkMxMi42NCUyQzQ4LjNMMzUuMzMlMkMwaDQ1LjRMNjQuNTElMkM1NC43OUEzNS44OCUyQzM1Ljg4JTJDMCUyQzAlMkMxJTJDODAuMDglMkM2OC44OVptOTQlMkMwcTUuNTElMkM5LjI2JTJDNS41MiUyQzIxLjg5JTJDMCUyQzE4LjgxLTEyJTJDMzAuMTV0LTMwLjc5JTJDMTEuMzZxLTE4LjgyJTJDMC0zMC44LTExLjM2VDk0JTJDOTAuNzhhNjQuOTMlMkM2NC45MyUyQzAlMkMwJTJDMSUyQzIuMjctMTYuODZxMi4yNi04LjQzJTJDMTAuMzctMjUuNjJMMTI5LjM2JTJDMGg0NS40TDE1OC41NCUyQzU0Ljc5YTM1LjkxJTJDMzUuOTElMkMwJTJDMCUyQzElMkMxNS41NiUyQzE0LjFaJTIyJTJGJTNFJTBBJTIwJTIwJTNDJTJGc3ZnJTNFJTBBJTIwJTIwJTNDcCUyMGlkJTNEJTIycS1xdW90ZSUyMiUyMGNsYXNzJTNEJTIydGVzdGltb25pYWxzLXRleHQlMjB0ZXh0LWZmZiUyMG1lZ2ElMjBib2xkJTIwcmVsYXRpdmUlMjIlM0VJJTI3dmUlMjBiZWVuJTIwdXNpbmclMjBDb3J2dXMlMjBmb3IlMjBteSUyMEFtZXJpY2FuJTIwdGF4JTIwcmV0dXJucyUyMGZvciUyMHllYXJzLiUyMEklMjBoYXZlJTIwYWx3YXlzJTIwYmVlbiUyMGNvbXBsZXRlbHklMjBzYXRpc2ZpZWQlMjB3aXRoJTIwdGhlaXIlMjBzZXJ2aWNlcy4lMjBJJTIwcGFydGljdWxhcmx5JTIwdmFsdWUlMjB0aGVpciUyMHBlcnNvbmFsJTIwYXBwcm9hY2glMkMlMjBhbmQlMjB0aGUlMjBmYWN0JTIwdGhhdCUyMHRoZXklMjdyZSUyMGFsd2F5cyUyMHdpbGxpbmclMjB0byUyMGdvJTIwdGhlJTIwZXh0cmElMjBtaWxlLiUzQyUyRnAlM0UlMEElMjAlMjAlM0NjaXRlJTIwaWQlM0QlMjJxLW5hbWUlMjIlMjBjbGFzcyUzRCUyMnRlc3RpbW9uaWFscy1uYW1lJTIwYmxvY2slMjBib2xkJTIwbm90LWl0YWxpYyUyMHRleHQtdXBwZXIlMjB0ZXh0LXB1cnBsZSUyMHRlcmElMjIlM0VILiUyMEJydWdnaW5rJTNDJTJGY2l0ZSUzRSUwQSUyMCUyMCUzQ3NwYW4lMjBpZCUzRCUyMnEtbG9jJTIyJTIwY2xhc3MlM0QlMjJ0ZXN0aW1vbmlhbHMtbG9jYXRpb24lMjB0ZXh0LXVwcGVyJTIwdGV4dC1wdXJwbGUlMjBtZWdhJTIyJTNFVGhlJTIwTmV0aGVybGFuZHMlM0MlMkZzcGFuJTNFJTBBJTNDJTJGYmxvY2txdW90ZSUzRSUwQQ==[\/vc_raw_html][vc_raw_js]JTNDc2NyaXB0JTNFJTBBJTI0LmdldEpTT04lMjglMjclMkZ3cC1jb250ZW50JTJGdGhlbWVzJTJGc2FsaWVudC1jaGlsZCUyRnF1b3Rlcy1kZS5qc29uJTI3JTI5LmRvbmUlMjhmdW5jdGlvbiUyOGRhdGElMjklN0IlMEElMjAlMjB2YXIlMjBxdW90ZSUyMCUzRCUyMGRhdGElNUJNYXRoLmZsb29yJTI4TWF0aC5yYW5kb20lMjglMjklMkFkYXRhLmxlbmd0aCUyOSU1RCUzQiUwQSUwQSUyMCUyMCUyNCUyOCUyNyUyM3EtcXVvdGUlMjclMjkudGV4dCUyOHF1b3RlLnF1b3RlJTI5JTNCJTBBJTIwJTIwJTI0JTI4JTI3JTIzcS1uYW1lJTI3JTI5LnRleHQlMjhxdW90ZS5uYW1lJTI5JTNCJTBBJTIwJTIwJTI0JTI4JTI3JTIzcS1sb2MlMjclMjkudGV4dCUyOHF1b3RlLmxvYyUyOSUzQiUwQSU3RCUyOSUzQiUwQSUzQyUyRnNjcmlwdCUzRQ==[\/vc_raw_js][\/vc_column][\/vc_row][\/vc_section]\n<\/div><\/div>[\/vc_column][\/vc_row]\n<\/div>","protected":false},"excerpt":{"rendered":"<p>[vc_section full_width=&#8220;stretch_row&#8220; content_placement=&#8220;middle&#8220; el_class=&#8220;hero&#8220; el_id=&#8220;services&#8220;][vc_row css=&#8220;.vc_custom_1561734104185{background-image: url(http:\/\/corvus.isunderconstruction.com\/wp-content\/uploads\/2019\/06\/sextant-copy.png?id=238) !important;}&#8220; el_class=&#8220;hero-content-w-bg&#8220;][vc_column][vc_custom_heading text=&#8220;Unsere Leistungen&#8220; font_container=&#8220;tag:h1|text_align:left&#8220; use_theme_fonts=&#8220;yes&#8220;][vc_column_text el_class=&#8220;hero-text&#8220;] Corvus Tax ist spezialisiert auf die Erstellung und die gesamte Abwicklung von US-Steuererkl\u00e4rungen f\u00fcr alle, die&#8230;<\/p>\n","protected":false},"author":1,"featured_media":0,"parent":0,"menu_order":0,"comment_status":"closed","ping_status":"closed","template":"","meta":{"_acf_changed":false,"footnotes":""},"class_list":["post-295","page","type-page","status-publish"],"acf":[],"_links":{"self":[{"href":"https:\/\/corvustax.com\/de\/wp-json\/wp\/v2\/pages\/295","targetHints":{"allow":["GET"]}}],"collection":[{"href":"https:\/\/corvustax.com\/de\/wp-json\/wp\/v2\/pages"}],"about":[{"href":"https:\/\/corvustax.com\/de\/wp-json\/wp\/v2\/types\/page"}],"author":[{"embeddable":true,"href":"https:\/\/corvustax.com\/de\/wp-json\/wp\/v2\/users\/1"}],"replies":[{"embeddable":true,"href":"https:\/\/corvustax.com\/de\/wp-json\/wp\/v2\/comments?post=295"}],"version-history":[{"count":11,"href":"https:\/\/corvustax.com\/de\/wp-json\/wp\/v2\/pages\/295\/revisions"}],"predecessor-version":[{"id":539,"href":"https:\/\/corvustax.com\/de\/wp-json\/wp\/v2\/pages\/295\/revisions\/539"}],"wp:attachment":[{"href":"https:\/\/corvustax.com\/de\/wp-json\/wp\/v2\/media?parent=295"}],"curies":[{"name":"wp","href":"https:\/\/api.w.org\/{rel}","templated":true}]}}