{"id":291,"date":"2020-01-23T12:06:25","date_gmt":"2020-01-23T17:06:25","guid":{"rendered":"http:\/\/corvus.isunderconstruction.com\/?page_id=291"},"modified":"2024-02-01T12:40:48","modified_gmt":"2024-02-01T17:40:48","slug":"ueber-uns","status":"publish","type":"page","link":"https:\/\/corvustax.com\/de\/ueber-uns\/","title":{"rendered":"\u00dcber uns"},"content":{"rendered":"<div class=\"wpb-content-wrapper\">[vc_section content_placement=&#8220;middle&#8220; el_class=&#8220;hero&#8220; el_id=&#8220;services&#8220;][vc_row el_class=&#8220;hero-content-w-bg&#8220; css=&#8220;.vc_custom_1561734385353{background-image: url(http:\/\/corvus.isunderconstruction.com\/wp-content\/uploads\/2019\/06\/stars.png?id=180) !important;}&#8220;][vc_column][vc_custom_heading text=&#8220;\u00dcber uns&#8220; font_container=&#8220;tag:h1|text_align:left&#8220; use_theme_fonts=&#8220;yes&#8220;][vc_column_text el_class=&#8220;hero-text&#8220;]\n<p class=\"giga\">Corvus Tax wurde am 1. Januar 2007 gegr\u00fcndet und hat zum Ziel, US-steuerpflichtige Nicht-US-Anleger sowie US-steuerpflichtige aber nicht in den USA wohnhafte und\/oder arbeitende US-Staatsb\u00fcrger bei ihrer Steuererkl\u00e4rung zu unterst\u00fctzen.<\/p>\n[\/vc_column_text][vc_raw_html el_class=&#8220;stripes-left&#8220;]JTNDc3ZnJTIwaWQlM0QlMjJzdHJpcGVzLWRlY28lMjIlMjBjbGFzcyUzRCUyMnN0cmlwZXMtZGVjbyUyMiUyMGRhdGEtbmFtZSUzRCUyMkxheWVyc3RyaXBlcy1kZWNvJTIyJTIweG1sbnMlM0QlMjJodHRwJTNBJTJGJTJGd3d3LnczLm9yZyUyRjIwMDAlMkZzdmclMjIlMjB2aWV3Qm94JTNEJTIyMCUyMDAlMjAyMTA5JTIwMzYyLjY1JTIyJTNFJTBBJTNDdGl0bGUlM0VzdHJpcGVzJTNDJTJGdGl0bGUlM0UlMEElM0NnJTIwaWQlM0QlMjJHcm91cF82MSUyMiUyMGRhdGEtbmFtZSUzRCUyMkdyb3VwJTIwNjElMjIlM0UlMEElM0NyZWN0JTIwaWQlM0QlMjJSZWN0YW5nbGVfMTklMjIlMjBkYXRhLW5hbWUlM0QlMjJSZWN0YW5nbGUlMjAxOSUyMiUyMHdpZHRoJTNEJTIyMjEwOSUyMiUyMGhlaWdodCUzRCUyMjYzLjI5JTIyJTIwZmlsbCUzRCUyMiUyMzU2MDA0ZSUyMiUyRiUzRSUwQSUzQ3JlY3QlMjBpZCUzRCUyMlJlY3RhbmdsZV8yMCUyMiUyMGRhdGEtbmFtZSUzRCUyMlJlY3RhbmdsZSUyMDIwJTIyJTIweSUzRCUyMjk5Ljc5JTIyJTIwd2lkdGglM0QlMjIyMTA5JTIyJTIwaGVpZ2h0JTNEJTIyNjMuMjklMjIlMjBmaWxsJTNEJTIyJTIzZGMwOTYzJTIyJTJGJTNFJTBBJTNDcmVjdCUyMGlkJTNEJTIyUmVjdGFuZ2xlXzIxJTIyJTIwZGF0YS1uYW1lJTNEJTIyUmVjdGFuZ2xlJTIwMjElMjIlMjB5JTNEJTIyMTk5LjU3JTIyJTIwd2lkdGglM0QlMjIyMTA5JTIyJTIwaGVpZ2h0JTNEJTIyNjMuMjklMjIlMjBmaWxsJTNEJTIyJTIzMDBhZWVmJTIyJTJGJTNFJTBBJTNDcmVjdCUyMGlkJTNEJTIyUmVjdGFuZ2xlXzIyJTIyJTIwZGF0YS1uYW1lJTNEJTIyUmVjdGFuZ2xlJTIwMjIlMjIlMjB5JTNEJTIyMjk5LjM2JTIyJTIwd2lkdGglM0QlMjIyMTA5JTIyJTIwaGVpZ2h0JTNEJTIyNjMuMjklMjIlMjBmaWxsJTNEJTIyJTIzYWNjNDJhJTIyJTJGJTNFJTBBJTNDJTJGZyUzRSUwQSUzQyUyRnN2ZyUzRSUwQQ==[\/vc_raw_html][\/vc_column][\/vc_row][\/vc_section][vc_section full_width=&#8220;stretch_row&#8220; el_id=&#8220;our-process&#8220; el_class=&#8220;pad-t-2 pad-b-2 bg-lg push-0&#8243;][vc_row el_class=&#8220;pad-t-2 pad-b-2&#8243;][vc_column width=&#8220;1\/2&#8243;][vc_custom_heading text=&#8220;Unser Prozess&#8220; use_theme_fonts=&#8220;yes&#8220;][\/vc_column][vc_column width=&#8220;1\/2&#8243;][vc_column_text]Schon seit L\u00e4ngerem arbeiten wir mit der renommierten Steuerkanzlei <a href=\"http:\/\/www.frazierdeeter.com\/\" target=\"_blank\" rel=\"noopener noreferrer\">Frazier &amp; Deeter<\/a> in Tampa im US-Bundesstaat Florida zusammen. Wir tragen alle erforderlichen Informationen zusammen und leiten sie an diese Kanzlei weiter. Daraufhin werden dort die Steuererkl\u00e4rungen erstellt und gepr\u00fcft, wonach wir sie, einschlie\u00dflich der unvermeidlichen Korrespondenz mit der US-Steuerbeh\u00f6rde, weiter abwickeln.<\/p>\n<p>All diese Leistungen \u00fcbernehmen wir gegen eine feste Jahrespauschale, die alle m\u00f6glichen Aktivit\u00e4ten umfasst. Sie werden also nie mit unerwarteten zus\u00e4tzlichen Rechnungen \u00fcberrascht. Au\u00dferdem stellen wir \u2013 im Gegensatz zu anderen Anbietern \u2013 eine Rechnung erst aus, wenn Ihnen die Steuererkl\u00e4rung(en) zur Unterzeichnung vorgelegt wurde(n).[\/vc_column_text][\/vc_column][\/vc_row][\/vc_section][vc_section full_width=&#8220;stretch_row&#8220; el_id=&#8220;team-members&#8220; el_class=&#8220;grey-top-bar push-2&#8243;][vc_row][vc_column width=&#8220;1\/2&#8243; el_class=&#8220;floating floating-left floating-purple floating-spacer-top-m zindex-2 pad-t-2 pad-b-2 floating-date-title&#8220;][vc_custom_heading text=&#8220;Unser Team&#8220; use_theme_fonts=&#8220;yes&#8220; el_class=&#8220;text-fff&#8220;][\/vc_column][vc_column width=&#8220;1\/2&#8243; el_class=&#8220;floating floating-right floating-right-overlap floating-pink floating-date pad-t-2 pad-b-2 image-after image-after-left image-after-compass&#8220;][vc_raw_html el_class=&#8220;date-wrap&#8220;]JTNDZGl2JTIwY2xhc3MlM0QlMjJ0ZWFtLWZsZXgtd3JhcCUyMiUzRSUwQSUzQ2ltZyUyMGNsYXNzJTNEJTIycG9ydHJhaXQlMjIlMjBzcmMlM0QlMjIlMkZ3cC1jb250ZW50JTJGdXBsb2FkcyUyRjIwMjAlMkYwNSUyRmhlYWRzaG90LXl2ZXMtdjIuanBnJTIyJTNFJTBBJTNDaDMlMjBjbGFzcyUzRCUyMnRlYW0tbWVtYmVyLXRpdGxlJTIwaW5saW5lLWJsb2NrJTIwZmxvYXRpbmctaGlnaGxpZ2h0JTIwZmxvYXRpbmctaGlnaGxpZ2h0LWJsdWUlMjB0ZXh0LWZmZiUyMGd1dHRlci0xLTIlMjB0ZXJhJTIyJTNFWXZlcyUyMENvcmJlYXUlM0MlMkZoMyUzRSUwQSUzQyUyRmRpdiUzRQ==[\/vc_raw_html][vc_column_text el_class=&#8220;text-fff mega&#8220;]\n<h4 class=\"text-fff\">Hauptgesch\u00e4ftsf\u00fchrer<\/h4>\n<p>Nach einer abgeschlossenen Ausbildung zum Bilanzbuchhalter arbeitete Yves Corbeau vier Jahre lang als Gesch\u00e4ftsf\u00fchrer im Familienunternehmen (einer Reihe von Eisenwarengesch\u00e4ften in Den Haag). Danach folgte ein FH-Maschinenbaustudium (Energietechnik) an der Hochschule Den Haag. Innerhalb dieses Studiengangs wechselte er auf den Schwerpunkt Industrielles Produktdesign, wo er sich schlie\u00dflich auf Verpackungen spezialisierte. Nach Abschluss seines Studiums kehrte Corbeau zur\u00fcck zum Familienunternehmen, wo er die Leitung der Tagesgesch\u00e4fte \u00fcbernahm. Nachdem er das Unternehmen mit den Ladengesch\u00e4ften in eine bl\u00fchende Immobiliengesellschaft umgewandelt hatte, trat er eine Stelle bei der Euro American Investors Group BV in Den Haag an. Dort war er Leiter der Abteilung Steuern. Diese Abteilung \u00fcbernahm f\u00fcr die vielen Hundert Anleger der Gruppe die Erstellung und Abgabe der US-Steuererkl\u00e4rung. Nachdem Corbeau acht Jahre dort gearbeitet hatte, war die Zeit reif f\u00fcr eine neue Herausforderung und f\u00fcr die R\u00fcckkehr zum Unternehmertum.<\/p>\n<p>Yves Corbeau befasst sich haupts\u00e4chlich mit der Gesch\u00e4ftsf\u00fchrung, der Qualit\u00e4tslenkung, den Schulungen, der Neukundenakquise und den inhaltlichen Aspekten der US-Steuererkl\u00e4rungen.[\/vc_column_text][\/vc_column][vc_column width=&#8220;1\/2&#8243; el_class=&#8220;floating floating-2 floating-left floating-left-overlap floating-blue floating-date pad-t-2 pad-b-2 push-2 image-after image-after-right image-after-stars&#8220;][vc_raw_html el_class=&#8220;date-wrap&#8220;]JTNDZGl2JTIwY2xhc3MlM0QlMjJ0ZWFtLWZsZXgtd3JhcCUyMiUzRSUwQSUzQ2ltZyUyMGNsYXNzJTNEJTIycG9ydHJhaXQlMjIlMjBzcmMlM0QlMjIlMkZ3cC1jb250ZW50JTJGdXBsb2FkcyUyRjIwMjAlMkYwNSUyRmhlYWRzaG90LWJyZW5kYS5qcGclMjIlM0UlMEElM0NoMyUyMGNsYXNzJTNEJTIydGVhbS1tZW1iZXItdGl0bGUlMjBpbmxpbmUtYmxvY2slMjBmbG9hdGluZy1oaWdobGlnaHQlMjBmbG9hdGluZy1oaWdobGlnaHQtcGluayUyMHRleHQtZmZmJTIwZ3V0dGVyLTEtMiUyMHRlcmElMjIlM0VCcmVuZGElMjBNYXJzaCUzQyUyRmgzJTNFJTBBJTNDJTJGZGl2JTNF[\/vc_raw_html][vc_column_text el_class=&#8220;text-purple mega&#8220;]\n<h4 class=\"text-purple\">Gesch\u00e4ftsf\u00fchrerin<\/h4>\n<p>Nach einem abgeschlossenen Master-Studium der Kriminologie\/Psychologie an der Ottawa University, wanderte Brenda Marsh vor mehr als 10 Jahren in die Niederlande aus. Gleich von Anfang an war sie bei New Skies Satelites NV in Den Haag t\u00e4tig; zun\u00e4chst als juristische Assistentin des Leiters der Rechtsabteilung, sp\u00e4ter wurde ihre eine Stelle als Account Manager angeboten. In dieser Funktion war sie verantwortlich f\u00fcr die europ\u00e4ischen Nutzer der Satellitenkapazit\u00e4ten.<\/p>\n<p>Marsh befasst sich vor allem mit dem laufenden Tagesgesch\u00e4ft, der Personalpolitik, dem Einkauf und der Debitoren-\/Kreditorenbuchhaltung.[\/vc_column_text][\/vc_column][\/vc_row][\/vc_section][vc_row el_class=&#8220;push-0&#8243;][vc_column]<div class=\"templatera_shortcode\"><div class=\"wpb-content-wrapper\">[vc_section full_width=&#8220;stretch_row&#8220; el_id=&#8220;testimonials&#8220; el_class=&#8220;testimonials push-0 bg-green&#8220; css=&#8220;.vc_custom_1561384472057{background-color: #acc42a !important;}&#8220;][vc_row][vc_column width=&#8220;1\/3&#8243;][\/vc_column][vc_column width=&#8220;2\/3&#8243;][vc_raw_html]JTNDYmxvY2txdW90ZSUyMGNsYXNzJTNEJTIydGVzdGltb25pYWxzLXF1b3RlJTIwdGV4dC1yaWdodCUyMHBhZC10LTIlMjBwYWQtYi0yJTIwcmVsYXRpdmUlMjIlM0UlMEElMjAlMjAlM0NzdmclMjBpZCUzRCUyMnF1b3RlcyUyMiUyMGNsYXNzJTNEJTIycXVvdGVzLXN2ZyUyMiUyMGRhdGEtbmFtZSUzRCUyMnF1b3RlcyUyMiUyMHhtbG5zJTNEJTIyaHR0cCUzQSUyRiUyRnd3dy53My5vcmclMkYyMDAwJTJGc3ZnJTIyJTIwdmlld0JveCUzRCUyMjAlMjAwJTIwMTk5LjYyJTIwMTUyLjI5JTIyJTNFJTBBJTIwJTIwJTIwJTIwJTNDdGl0bGUlM0VxdW90ZXMlM0MlMkZ0aXRsZSUzRSUwQSUyMCUyMCUyMCUyMCUzQ3BhdGglMjBpZCUzRCUyMnF1b3Rlcy1ib3R0b20lMjIlMjBjbGFzcyUzRCUyMnF1b3Rlcy1ib3R0b20lMjIlMjBkYXRhLW5hbWUlM0QlMjJib3R0b20lMjIlMjBkJTNEJTIyTTEwMC4wOCUyQzg4Ljg5cTUuNDklMkM5LjI2JTJDNS41MSUyQzIxLjg5JTJDMCUyQzE4LjgxLTEyJTJDMzAuMTVUNjIuOCUyQzE1Mi4yOVE0NCUyQzE1Mi4yOSUyQzMyJTJDMTQwLjkzVDIwJTJDMTEwLjc4YTY0LjUxJTJDNjQuNTElMkMwJTJDMCUyQzElMkMyLjI3LTE2Ljg2cTIuMjUtOC40MyUyQzEwLjM3LTI1LjYyTDU1LjMzJTJDMjBoNDUuNEw4NC41MSUyQzc0Ljc5QTM1Ljg4JTJDMzUuODglMkMwJTJDMCUyQzElMkMxMDAuMDglMkM4OC44OVptOTQlMkMwcTUuNTElMkM5LjI2JTJDNS41MiUyQzIxLjg5JTJDMCUyQzE4LjgxLTEyJTJDMzAuMTV0LTMwLjc5JTJDMTEuMzZxLTE4LjgyJTJDMC0zMC44LTExLjM2dC0xMi0zMC4xNWE2NC45MyUyQzY0LjkzJTJDMCUyQzAlMkMxJTJDMi4yNy0xNi44NnEyLjI2LTguNDMlMkMxMC4zNy0yNS42MkwxNDkuMzYlMkMyMGg0NS40TDE3OC41NCUyQzc0Ljc5YTM1LjkxJTJDMzUuOTElMkMwJTJDMCUyQzElMkMxNS41NiUyQzE0LjFaJTIyJTJGJTNFJTBBJTIwJTIwJTIwJTIwJTNDcGF0aCUyMGlkJTNEJTIycXVvdGVzLXRvcCUyMiUyMGNsYXNzJTNEJTIycXVvdGVzLXRvcCUyMiUyMGRhdGEtbmFtZSUzRCUyMnRvcCUyMiUyMGQlM0QlMjJNODAuMDglMkM2OC44OXE1LjQ5JTJDOS4yNiUyQzUuNTElMkMyMS44OSUyQzAlMkMxOC44MS0xMiUyQzMwLjE1VDQyLjglMkMxMzIuMjlRMjQlMkMxMzIuMjklMkMxMiUyQzEyMC45M1QwJTJDOTAuNzhBNjQuNTElMkM2NC41MSUyQzAlMkMwJTJDMSUyQzIuMjclMkM3My45MlE0LjUyJTJDNjUuNDklMkMxMi42NCUyQzQ4LjNMMzUuMzMlMkMwaDQ1LjRMNjQuNTElMkM1NC43OUEzNS44OCUyQzM1Ljg4JTJDMCUyQzAlMkMxJTJDODAuMDglMkM2OC44OVptOTQlMkMwcTUuNTElMkM5LjI2JTJDNS41MiUyQzIxLjg5JTJDMCUyQzE4LjgxLTEyJTJDMzAuMTV0LTMwLjc5JTJDMTEuMzZxLTE4LjgyJTJDMC0zMC44LTExLjM2VDk0JTJDOTAuNzhhNjQuOTMlMkM2NC45MyUyQzAlMkMwJTJDMSUyQzIuMjctMTYuODZxMi4yNi04LjQzJTJDMTAuMzctMjUuNjJMMTI5LjM2JTJDMGg0NS40TDE1OC41NCUyQzU0Ljc5YTM1LjkxJTJDMzUuOTElMkMwJTJDMCUyQzElMkMxNS41NiUyQzE0LjFaJTIyJTJGJTNFJTBBJTIwJTIwJTNDJTJGc3ZnJTNFJTBBJTIwJTIwJTNDcCUyMGlkJTNEJTIycS1xdW90ZSUyMiUyMGNsYXNzJTNEJTIydGVzdGltb25pYWxzLXRleHQlMjB0ZXh0LWZmZiUyMG1lZ2ElMjBib2xkJTIwcmVsYXRpdmUlMjIlM0VJJTI3dmUlMjBiZWVuJTIwdXNpbmclMjBDb3J2dXMlMjBmb3IlMjBteSUyMEFtZXJpY2FuJTIwdGF4JTIwcmV0dXJucyUyMGZvciUyMHllYXJzLiUyMEklMjBoYXZlJTIwYWx3YXlzJTIwYmVlbiUyMGNvbXBsZXRlbHklMjBzYXRpc2ZpZWQlMjB3aXRoJTIwdGhlaXIlMjBzZXJ2aWNlcy4lMjBJJTIwcGFydGljdWxhcmx5JTIwdmFsdWUlMjB0aGVpciUyMHBlcnNvbmFsJTIwYXBwcm9hY2glMkMlMjBhbmQlMjB0aGUlMjBmYWN0JTIwdGhhdCUyMHRoZXklMjdyZSUyMGFsd2F5cyUyMHdpbGxpbmclMjB0byUyMGdvJTIwdGhlJTIwZXh0cmElMjBtaWxlLiUzQyUyRnAlM0UlMEElMjAlMjAlM0NjaXRlJTIwaWQlM0QlMjJxLW5hbWUlMjIlMjBjbGFzcyUzRCUyMnRlc3RpbW9uaWFscy1uYW1lJTIwYmxvY2slMjBib2xkJTIwbm90LWl0YWxpYyUyMHRleHQtdXBwZXIlMjB0ZXh0LXB1cnBsZSUyMHRlcmElMjIlM0VILiUyMEJydWdnaW5rJTNDJTJGY2l0ZSUzRSUwQSUyMCUyMCUzQ3NwYW4lMjBpZCUzRCUyMnEtbG9jJTIyJTIwY2xhc3MlM0QlMjJ0ZXN0aW1vbmlhbHMtbG9jYXRpb24lMjB0ZXh0LXVwcGVyJTIwdGV4dC1wdXJwbGUlMjBtZWdhJTIyJTNFVGhlJTIwTmV0aGVybGFuZHMlM0MlMkZzcGFuJTNFJTBBJTNDJTJGYmxvY2txdW90ZSUzRSUwQQ==[\/vc_raw_html][vc_raw_js]JTNDc2NyaXB0JTNFJTBBJTI0LmdldEpTT04lMjglMjclMkZ3cC1jb250ZW50JTJGdGhlbWVzJTJGc2FsaWVudC1jaGlsZCUyRnF1b3Rlcy1kZS5qc29uJTI3JTI5LmRvbmUlMjhmdW5jdGlvbiUyOGRhdGElMjklN0IlMEElMjAlMjB2YXIlMjBxdW90ZSUyMCUzRCUyMGRhdGElNUJNYXRoLmZsb29yJTI4TWF0aC5yYW5kb20lMjglMjklMkFkYXRhLmxlbmd0aCUyOSU1RCUzQiUwQSUwQSUyMCUyMCUyNCUyOCUyNyUyM3EtcXVvdGUlMjclMjkudGV4dCUyOHF1b3RlLnF1b3RlJTI5JTNCJTBBJTIwJTIwJTI0JTI4JTI3JTIzcS1uYW1lJTI3JTI5LnRleHQlMjhxdW90ZS5uYW1lJTI5JTNCJTBBJTIwJTIwJTI0JTI4JTI3JTIzcS1sb2MlMjclMjkudGV4dCUyOHF1b3RlLmxvYyUyOSUzQiUwQSU3RCUyOSUzQiUwQSUzQyUyRnNjcmlwdCUzRQ==[\/vc_raw_js][\/vc_column][\/vc_row][\/vc_section]\n<\/div><\/div>[\/vc_column][\/vc_row]\n<\/div>","protected":false},"excerpt":{"rendered":"<p>[vc_section content_placement=&#8220;middle&#8220; el_class=&#8220;hero&#8220; el_id=&#8220;services&#8220;][vc_row el_class=&#8220;hero-content-w-bg&#8220; css=&#8220;.vc_custom_1561734385353{background-image: url(http:\/\/corvus.isunderconstruction.com\/wp-content\/uploads\/2019\/06\/stars.png?id=180) !important;}&#8220;][vc_column][vc_custom_heading text=&#8220;\u00dcber uns&#8220; font_container=&#8220;tag:h1|text_align:left&#8220; use_theme_fonts=&#8220;yes&#8220;][vc_column_text el_class=&#8220;hero-text&#8220;] Corvus Tax wurde am 1. Januar 2007 gegr\u00fcndet und hat zum Ziel, US-steuerpflichtige Nicht-US-Anleger sowie US-steuerpflichtige aber&#8230;<\/p>\n","protected":false},"author":1,"featured_media":0,"parent":0,"menu_order":0,"comment_status":"closed","ping_status":"closed","template":"","meta":{"_acf_changed":false,"footnotes":""},"class_list":["post-291","page","type-page","status-publish"],"acf":[],"_links":{"self":[{"href":"https:\/\/corvustax.com\/de\/wp-json\/wp\/v2\/pages\/291","targetHints":{"allow":["GET"]}}],"collection":[{"href":"https:\/\/corvustax.com\/de\/wp-json\/wp\/v2\/pages"}],"about":[{"href":"https:\/\/corvustax.com\/de\/wp-json\/wp\/v2\/types\/page"}],"author":[{"embeddable":true,"href":"https:\/\/corvustax.com\/de\/wp-json\/wp\/v2\/users\/1"}],"replies":[{"embeddable":true,"href":"https:\/\/corvustax.com\/de\/wp-json\/wp\/v2\/comments?post=291"}],"version-history":[{"count":10,"href":"https:\/\/corvustax.com\/de\/wp-json\/wp\/v2\/pages\/291\/revisions"}],"predecessor-version":[{"id":511,"href":"https:\/\/corvustax.com\/de\/wp-json\/wp\/v2\/pages\/291\/revisions\/511"}],"wp:attachment":[{"href":"https:\/\/corvustax.com\/de\/wp-json\/wp\/v2\/media?parent=291"}],"curies":[{"name":"wp","href":"https:\/\/api.w.org\/{rel}","templated":true}]}}