{"id":253,"date":"2019-06-07T11:09:50","date_gmt":"2019-06-07T15:09:50","guid":{"rendered":"http:\/\/corvus.isunderconstruction.com\/home\/"},"modified":"2024-02-01T09:44:06","modified_gmt":"2024-02-01T14:44:06","slug":"home","status":"publish","type":"page","link":"https:\/\/corvustax.com\/de\/","title":{"rendered":"Startseite"},"content":{"rendered":"<div class=\"wpb-content-wrapper\">[vc_section content_placement=&#8220;middle&#8220; el_class=&#8220;hero&#8220; el_id=&#8220;services&#8220;][vc_row css=&#8220;.vc_custom_1561734098606{background-image: url(http:\/\/corvus.isunderconstruction.com\/wp-content\/uploads\/2019\/06\/compass.png?id=160) !important;}&#8220; el_class=&#8220;hero-content-w-bg&#8220;][vc_column][vc_custom_heading text=&#8220;Sicher ist es kompliziert.&#8220; font_container=&#8220;tag:h1|text_align:left&#8220; use_theme_fonts=&#8220;yes&#8220;][vc_column_text el_class=&#8220;hero-text&#8220;]\n<p class=\"giga\">Aus diesem Grund w\u00e4hlen Hunderte nichtamerikanischer Investoren Corvus, um in ihren amerikanischen Steuererkl\u00e4rungen zu navigieren.<\/p>\n<p><a class=\"text-green bold giga\" href=\"\/de\/unsere-leistungen\/\">Finde heraus warum. <\/a>[\/vc_column_text][vc_raw_html el_class=&#8220;stripes-left&#8220;]JTNDc3ZnJTIwaWQlM0QlMjJzdHJpcGVzLWRlY28lMjIlMjBjbGFzcyUzRCUyMnN0cmlwZXMtZGVjbyUyMiUyMGRhdGEtbmFtZSUzRCUyMkxheWVyc3RyaXBlcy1kZWNvJTIyJTIweG1sbnMlM0QlMjJodHRwJTNBJTJGJTJGd3d3LnczLm9yZyUyRjIwMDAlMkZzdmclMjIlMjB2aWV3Qm94JTNEJTIyMCUyMDAlMjAyMTA5JTIwMzYyLjY1JTIyJTNFJTBBJTNDdGl0bGUlM0VzdHJpcGVzJTNDJTJGdGl0bGUlM0UlMEElM0NnJTIwaWQlM0QlMjJHcm91cF82MSUyMiUyMGRhdGEtbmFtZSUzRCUyMkdyb3VwJTIwNjElMjIlM0UlMEElM0NyZWN0JTIwaWQlM0QlMjJSZWN0YW5nbGVfMTklMjIlMjBkYXRhLW5hbWUlM0QlMjJSZWN0YW5nbGUlMjAxOSUyMiUyMHdpZHRoJTNEJTIyMjEwOSUyMiUyMGhlaWdodCUzRCUyMjYzLjI5JTIyJTIwZmlsbCUzRCUyMiUyMzU2MDA0ZSUyMiUyRiUzRSUwQSUzQ3JlY3QlMjBpZCUzRCUyMlJlY3RhbmdsZV8yMCUyMiUyMGRhdGEtbmFtZSUzRCUyMlJlY3RhbmdsZSUyMDIwJTIyJTIweSUzRCUyMjk5Ljc5JTIyJTIwd2lkdGglM0QlMjIyMTA5JTIyJTIwaGVpZ2h0JTNEJTIyNjMuMjklMjIlMjBmaWxsJTNEJTIyJTIzZGMwOTYzJTIyJTJGJTNFJTBBJTNDcmVjdCUyMGlkJTNEJTIyUmVjdGFuZ2xlXzIxJTIyJTIwZGF0YS1uYW1lJTNEJTIyUmVjdGFuZ2xlJTIwMjElMjIlMjB5JTNEJTIyMTk5LjU3JTIyJTIwd2lkdGglM0QlMjIyMTA5JTIyJTIwaGVpZ2h0JTNEJTIyNjMuMjklMjIlMjBmaWxsJTNEJTIyJTIzMDBhZWVmJTIyJTJGJTNFJTBBJTNDcmVjdCUyMGlkJTNEJTIyUmVjdGFuZ2xlXzIyJTIyJTIwZGF0YS1uYW1lJTNEJTIyUmVjdGFuZ2xlJTIwMjIlMjIlMjB5JTNEJTIyMjk5LjM2JTIyJTIwd2lkdGglM0QlMjIyMTA5JTIyJTIwaGVpZ2h0JTNEJTIyNjMuMjklMjIlMjBmaWxsJTNEJTIyJTIzYWNjNDJhJTIyJTJGJTNFJTBBJTNDJTJGZyUzRSUwQSUzQyUyRnN2ZyUzRSUwQQ==[\/vc_raw_html][\/vc_column][\/vc_row][\/vc_section][vc_section full_width=&#8220;stretch_row&#8220; el_id=&#8220;our-services&#8220; el_class=&#8220;pad-t-2 pad-b-2 bg-lg push-0&#8243;][vc_row el_class=&#8220;pad-t-2 pad-b-2&#8243;][vc_column width=&#8220;1\/2&#8243;][vc_custom_heading text=&#8220;Unsere Leistungen&#8220; use_theme_fonts=&#8220;yes&#8220;][\/vc_column][vc_column width=&#8220;1\/2&#8243;][vc_row_inner el_class=&#8220;grid grid-stretch grid-column-margin-0&#8243;][vc_column_inner el_class=&#8220;unit-content-distribute&#8220; width=&#8220;1\/2&#8243;][vc_raw_html]JTNDZGl2JTIwY2xhc3MlM0QlMjJzZXJ2aWNlcy1jb2xvci1ibG9jayUyMGJnLXB1cnBsZSUyMiUzRSUzQyUyRmRpdiUzRQ==[\/vc_raw_html][vc_custom_heading text=&#8220;Nicht-Amerikaner&#8220; font_container=&#8220;tag:h3|text_align:left&#8220; use_theme_fonts=&#8220;yes&#8220; el_class=&#8220;h3-services text-purple push-0 giga&#8220; css=&#8220;.vc_custom_1616604027124{padding-right: 15px !important;}&#8220;][vc_column_text el_class=&#8220;push unit-content-distribute content-fill&#8220;]\n<p class=\"content-fill\">Einreichung von Hilfe f\u00fcr Nicht-Amerikaner, die ein Einkommen verdienen, Eigentum besitzen, Investitionen t\u00e4tigen oder ein Gesch\u00e4ft in Amerika betreiben.<\/p>\n<p><a class=\"text-purple bold mega\" href=\"\/?page_id=183#non-residents\">Mehr erfahren.<\/a>[\/vc_column_text][\/vc_column_inner][vc_column_inner el_class=&#8220;unit-content-distribute&#8220; width=&#8220;1\/2&#8243;][vc_raw_html]JTNDZGl2JTIwY2xhc3MlM0QlMjJzZXJ2aWNlcy1jb2xvci1ibG9jayUyMGJnLXBpbmslMjIlM0UlM0MlMkZkaXYlM0U=[\/vc_raw_html][vc_custom_heading text=&#8220;Amerikanische Steuernummer Anwendungen&#8220; font_container=&#8220;tag:h3|text_align:left&#8220; use_theme_fonts=&#8220;yes&#8220; el_class=&#8220;h3-services text-pink push-0 giga&#8220;][vc_column_text el_class=&#8220;push unit-content-distribute content-fill&#8220;]\n<p class=\"content-fill\">Wir helfen bei der Beantragung einer individuellen- oder Betrieb Steueridentifikationsnummer f\u00fcr Steuererkl\u00e4rungen.<\/p>\n<p><a class=\"text-pink bold mega\" href=\"\/?page_id=183#tin-applications\">Mehr erfahren.<\/a>[\/vc_column_text][\/vc_column_inner][vc_column_inner el_class=&#8220;unit-content-distribute&#8220; width=&#8220;1\/2&#8243;][vc_raw_html]JTNDZGl2JTIwY2xhc3MlM0QlMjJzZXJ2aWNlcy1jb2xvci1ibG9jayUyMGJnLWJsdWUlMjIlM0UlM0MlMkZkaXYlM0U=[\/vc_raw_html][vc_custom_heading text=&#8220;Beratung&#8220; font_container=&#8220;tag:h3|text_align:left&#8220; use_theme_fonts=&#8220;yes&#8220; el_class=&#8220;h3-services text-blue push-0 giga&#8220;][vc_column_text el_class=&#8220;push unit-content-distribute content-fill&#8220;]\n<p class=\"content-fill\">Wir stehen Ihnen jederzeit f\u00fcr Fragen zur amerikanischen Besteuerung zur Verf\u00fcgung.<\/p>\n<p><a class=\"text-blue bold mega\" href=\"\/?page_id=183#advice\">Mehr erfahren.<\/a>[\/vc_column_text][\/vc_column_inner][vc_column_inner el_class=&#8220;unit-content-distribute&#8220; width=&#8220;1\/2&#8243;][vc_raw_html]JTNDZGl2JTIwY2xhc3MlM0QlMjJzZXJ2aWNlcy1jb2xvci1ibG9jayUyMGJnLWdyZWVuJTIyJTNFJTNDJTJGZGl2JTNF[\/vc_raw_html][vc_custom_heading text=&#8220;Geb\u00fchren&#8220; font_container=&#8220;tag:h3|text_align:left&#8220; use_theme_fonts=&#8220;yes&#8220; el_class=&#8220;h3-services text-green push-0 giga&#8220;][vc_column_text el_class=&#8220;push unit-content-distribute content-fill&#8220;]\n<p class=\"content-fill\">Wir bieten eine Reihe von amerikanischen Steuerdienstleistungen zu erschwinglichen Preisen an.<\/p>\n<p><a class=\"text-green bold mega\" href=\"\/?page_id=183#fees\">Mehr erfahren.<\/a>[\/vc_column_text][\/vc_column_inner][\/vc_row_inner][\/vc_column][\/vc_row][\/vc_section][vc_row][vc_column]<div class=\"templatera_shortcode\"><div class=\"wpb-content-wrapper\">[vc_section full_width=&#8220;stretch_row&#8220; el_id=&#8220;important-dates&#8220; el_class=&#8220;grey-top-bar pad-b-2&#8243;][vc_row][vc_column width=&#8220;1\/2&#8243; el_class=&#8220;floating floating-left floating-pink floating-spacer-top-m zindex-2 pad-t-2 pad-b-2 floating-date-title&#8220;][vc_custom_heading text=&#8220;Termine zum Erinnern&#8220; use_theme_fonts=&#8220;yes&#8220; el_class=&#8220;text-fff h2-dates&#8220;][\/vc_column][vc_column width=&#8220;1\/2&#8243; el_class=&#8220;floating floating-right floating-right-overlap floating-blue floating-date&#8220;][vc_raw_html el_class=&#8220;date-wrap&#8220;]JTNDZGl2JTIwY2xhc3MlM0QlMjJkYXRlLWZsZXgtd3JhcCUyMiUzRSUwQSUzQ3NwYW4lMjBjbGFzcyUzRCUyMmRhdGUtZGF5JTIwYmxvY2slMjB0ZXh0LWZmZiUyMHRlbmFraWxvJTIwYm9sZCUyMiUzRTE1JTNDJTJGc3BhbiUzRSUwQSUzQ3NwYW4lMjBjbGFzcyUzRCUyMmRhdGUtbW9udGglMjBmbG9hdGluZy1oaWdobGlnaHQlMjBmbG9hdGluZy1oaWdobGlnaHQtcGluayUyMHRleHQtZmZmJTIwZ3V0dGVyLTEtMiUyMGJvbGQlMjB0ZXJhJTIyJTNFU2VwdGVtYmVyJTNDJTJGc3BhbiUzRSUwQSUzQyUyRmRpdiUzRSUwQSUzQ2RpdiUyMGNsYXNzJTNEJTIyZGF0ZS1wYXJhZ3JhcGglMjB0ZXh0LXB1cnBsZSUyMG1lZ2ElMjIlM0UlMEElM0NwJTIwY2xhc3MlM0QlMjJkYXRlLWNvbnRlbnQlMjIlM0VUaGUlMjBmaWxpbmclMjBkYXRlJTIwZm9yJTIwQW1lcmljYW4lMjBjaXRpemVucyUyMGxpdmluZyUyMGFicm9hZC4lMjBUaGUlMjBkYXRlJTIwZnJvbSUyMHdoaWNoJTIwQW1lcmljYW5zJTIwYXJlJTIwZmluZWQlMjBmb3IlMjBub3QlMjBwYXlpbmclMjB0YXhlcyUyMG93aW5nLiUzQyUyRnAlM0UlMEElM0NwJTNFJTNDYSUyMGNsYXNzJTNEJTIyYm9sZCUyMHRleHQtZmZmJTIwZ2lnYSUyMiUyMGhyZWYlM0QlMjIlMkZkZSUyRndpY2h0aWdlLXRlcm1pbmUlMkYlMjIlM0VNb3JlJTIwaW1wb3J0YW50JTIwZGF0ZXMuJTNDJTJGYSUzRSUzQyUyRnAlM0UlMEElM0MlMkZkaXYlM0U=[\/vc_raw_html][vc_raw_js]JTNDc2NyaXB0JTNFJTBBJTIwJTIwJTIwJTIwY29uc3QlMjB5ZWFyJTIwJTNEJTIwbmV3JTIwRGF0ZSUyOCUyOS5nZXRGdWxsWWVhciUyOCUyOSUzQiUwQSUyMCUyMCUyMCUyMGNvbnN0JTIwZGF0ZXMlMjAlM0QlMjAlNUIlMEElMjAlMjAlMjAlMjAlMjAlMjAlN0IlMEElMjAlMjAlMjAlMjAlMjAlMjAlMjAlMjBkYXRlJTNBJTIwJTYwMiUyRjE1JTJGJTI0JTdCeWVhciU3RCU2MCUyQyUwQSUyMCUyMCUyMCUyMCUyMCUyMCUyMCUyMGRhdGVOdW1iZXIlM0ElMjAlMjcxNSUyNyUyQyUwQSUyMCUyMCUyMCUyMCUyMCUyMCUyMCUyMGRhdGVNb250aCUzQSUyMCUyN0ZlYnJ1YXIlMjclMkMlMEElMjAlMjAlMjAlMjAlMjAlMjAlMjAlMjBjb250ZW50JTNBJTIwJTI3U3AlQzMlQTR0ZXN0ZW5zJTIwYW4lMjBkaWVzZW0lMjBUYWclMjBtdXNzJTIwSWhyJTIwQXVmdHJhZyUyMGJlaSUyMHVucyUyMGVpbmdlZ2FuZ2VuJTIwc2Vpbi4lMjBOdXIlMjBkYW5uJTIwayVDMyVCNm5uZW4lMjB3aXIlMjBnZXclQzMlQTRocmxlaXN0ZW4lMkMlMjBkYXNzJTIwZWluZSUyMEFiZ2FiZWZyaXN0dmVybCVDMyVBNG5nZXJ1bmclMjByZWNodHplaXRpZyUyMGJlYW50cmFndCUyMHdlcmRlbiUyMGthbm4uJTI3JTBBJTIwJTIwJTIwJTIwJTIwJTIwJTdEJTJDJTBBJTIwJTIwJTIwJTIwJTIwJTIwJTdCJTBBJTIwJTIwJTIwJTIwJTIwJTIwJTIwJTIwZGF0ZSUzQSUyMCU2MDMlMkYxJTJGJTI0JTdCeWVhciU3RCU2MCUyQyUwQSUyMCUyMCUyMCUyMCUyMCUyMCUyMCUyMGRhdGVOdW1iZXIlM0ElMjAlMjcxJTI3JTJDJTBBJTIwJTIwJTIwJTIwJTIwJTIwJTIwJTIwZGF0ZU1vbnRoJTNBJTIwJTI3TSVDMyVBNHJ6JTI3JTJDJTBBJTIwJTIwJTIwJTIwJTIwJTIwJTIwJTIwY29udGVudCUzQSUyMCUyN0RlciUyMEFudHJhZyUyMGF1ZiUyMGVpbmUlMjB6dXMlQzMlQTR0emxpY2hlJTIwRnJpc3R2ZXJsJUMzJUE0bmdlcnVuZyUyMHdpcmQlMjBlaW5nZXJlaWNodC4lMjclMEElMjAlMjAlMjAlMjAlMjAlMjAlN0QlMkMlMEElMjAlMjAlMjAlMjAlMjAlMjAlN0IlMEElMjAlMjAlMjAlMjAlMjAlMjAlMjAlMjBkYXRlJTNBJTIwJTYwMyUyRjElMkYlMjQlN0J5ZWFyJTdEJTYwJTJDJTBBJTIwJTIwJTIwJTIwJTIwJTIwJTIwJTIwZGF0ZU51bWJlciUzQSUyMCUyNzE1JTI3JTJDJTBBJTIwJTIwJTIwJTIwJTIwJTIwJTIwJTIwZGF0ZU1vbnRoJTNBJTIwJTI3QXByaWwlMjclMkMlMEElMjAlMjAlMjAlMjAlMjAlMjAlMjAlMjBjb250ZW50JTNBJTIwJTI3JTNDdWwlM0UlM0NsaSUzRU9mZml6aWVsbGVyJTIwQWJnYWJldGVybWluJTIwZiVDMyVCQ3IlMjBkaWUlMjBVUy1TdGV1ZXJlcmtsJUMzJUE0cnVuZy4lM0MlMkZsaSUzRSUzQ2xpJTNFT2ZmaXppZWxsZXIlMjBaYWhsdW5nc3Rlcm1pbiUyMGYlQzMlQkNyJTIwZiVDMyVBNGxsaWdlJTIwU3RldWVybi4lM0MlMkZsaSUzRSUzQ2xpJTNFRGF0dW0lMkMlMjBhYiUyMGRlbSUyMFVTLUFtZXJpa2FuZXJuJTIwWmluc2VuJTIwZiVDMyVCQ3IlMjBuaWNodCUyMGdlemFobHRlJTIwU3RldWVybiUyMGluJTIwUmVjaG51bmclMjBnZXN0ZWxsdCUyMHdlcmRlbi4lM0MlMkZsaSUzRSUzQyUyRnVsJTNFJTI3JTBBJTIwJTIwJTIwJTIwJTIwJTIwJTdEJTJDJTBBJTIwJTIwJTIwJTIwJTIwJTIwJTdCJTBBJTIwJTIwJTIwJTIwJTIwJTIwJTIwJTIwZGF0ZSUzQSUyMCU2MDYlMkYxNSUyRiUyNCU3QnllYXIlN0QlNjAlMkMlMEElMjAlMjAlMjAlMjAlMjAlMjAlMjAlMjBkYXRlTnVtYmVyJTNBJTIwJTI3MTUlMjclMkMlMEElMjAlMjAlMjAlMjAlMjAlMjAlMjAlMjBkYXRlTW9udGglM0ElMjAlMjdKdW5pJTI3JTJDJTBBJTIwJTIwJTIwJTIwJTIwJTIwJTIwJTIwY29udGVudCUzQSUyMCUyNyUzQ3VsJTNFJTNDbGklM0VBYmdhYmV0ZXJtaW4lMjBmJUMzJUJDciUyMGltJTIwQXVzbGFuZCUyMHdvaG5oYWZ0ZSUyMFVTLUFtZXJpa2FuZXIuJTNDJTJGbGklM0UlM0NsaSUzRURhdHVtJTJDJTIwYWIlMjBkZW0lMjBnZWdlbiUyMFVTLUFtZXJpa2FuZXIlMjBlaW4lMjBCdSVDMyU5RmdlbGQlMjBlcmhvYmVuJTIwd2lyZCUyMGYlQzMlQkNyJTIwbmljaHQlMjBnZXphaGx0ZSUyMFN0ZXVlcm4uJTNDJTJGbGklM0UlM0MlMkZ1bCUzRSUyNyUwQSUyMCUyMCUyMCUyMCUyMCUyMCU3RCUyQyUwQSUyMCUyMCUyMCUyMCUyMCUyMCU3QiUwQSUyMCUyMCUyMCUyMCUyMCUyMCUyMCUyMGRhdGUlM0ElMjAlNjA5JTJGMTAlMkYlMjQlN0J5ZWFyJTdEJTYwJTJDJTBBJTIwJTIwJTIwJTIwJTIwJTIwJTIwJTIwZGF0ZU51bWJlciUzQSUyMCUyNzEwJTI3JTJDJTBBJTIwJTIwJTIwJTIwJTIwJTIwJTIwJTIwZGF0ZU1vbnRoJTNBJTIwJTI3U2VwdGVtYmVyJTI3JTJDJTBBJTIwJTIwJTIwJTIwJTIwJTIwJTIwJTIwY29udGVudCUzQSUyMCUyN1NwJUMzJUE0dGVzdGVucyUyMGRhbm4lMjBtJUMzJUJDc3NlbiUyMGRpZSUyMFVudGVyc2NocmlmdHNzZWl0ZW4lMjBmJUMzJUJDciUyMFBhcnRuZXJzaGlwcyUyMCUyOEdlc2VsbHNjaGFmdGVuJTIwYiVDMyVCQ3JnZXJsaWNoZW4lMjBSZWNodHMlMkMlMjBLb21tYW5kaXRnZXNlbGxzY2hhZnRlbiUyOSUyMGVpbmdlZ2FuZ2VuJTIwc2Vpbi4lMjclMEElMjAlMjAlMjAlMjAlMjAlMjAlN0QlMkMlMEElMjAlMjAlMjAlMjAlMjAlMjAlN0IlMEElMjAlMjAlMjAlMjAlMjAlMjAlMjAlMjBkYXRlJTNBJTIwJTYwOSUyRjE1JTJGJTI0JTdCeWVhciU3RCU2MCUyQyUwQSUyMCUyMCUyMCUyMCUyMCUyMCUyMCUyMGRhdGVOdW1iZXIlM0ElMjAlMjcxNSUyNyUyQyUwQSUyMCUyMCUyMCUyMCUyMCUyMCUyMCUyMGRhdGVNb250aCUzQSUyMCUyN1NlcHRlbWJlciUyNyUyQyUwQSUyMCUyMCUyMCUyMCUyMCUyMCUyMCUyMGNvbnRlbnQlM0ElMjAlMjdBYmdhYmV0ZXJtaW4lMjBmJUMzJUJDciUyMFBhcnRuZXJzaGlwcyUyMCUyOEdlc2VsbHNjaGFmdGVuJTIwYiVDMyVCQ3JnZXJsaWNoZW4lMjBSZWNodHMlMkMlMjBLb21tYW5kaXRnZXNlbGxzY2hhZnRlbiUyOS4lMjclMEElMjAlMjAlMjAlMjAlMjAlMjAlN0QlMkMlMEElMjAlMjAlMjAlMjAlMjAlMjAlN0IlMEElMjAlMjAlMjAlMjAlMjAlMjAlMjAlMjBkYXRlJTNBJTIwJTYwMTIlMkYxMCUyRiUyNCU3QnllYXIlN0QlNjAlMkMlMEElMjAlMjAlMjAlMjAlMjAlMjAlMjAlMjBkYXRlTnVtYmVyJTNBJTIwJTI3MTAlMjclMkMlMEElMjAlMjAlMjAlMjAlMjAlMjAlMjAlMjBkYXRlTW9udGglM0ElMjAlMjdEZXplbWJlciUyNyUyQyUwQSUyMCUyMCUyMCUyMCUyMCUyMCUyMCUyMGNvbnRlbnQlM0ElMjAlMjdTcCVDMyVBNHRlc3RlbnMlMjBkYW5uJTIwbSVDMyVCQ3NzZW4lMjBkaWUlMjBVbnRlcnNjaHJpZnRzc2VpdGVuJTIwZiVDMyVCQ3IlMjBuYXQlQzMlQkNybGljaGUlMjB1bmQlMjBqdXJpc3Rpc2NoZSUyMFBlcnNvbmVuJTIwZWluZ2VnYW5nZW4lMjBzZWluLiUyNyUwQSUyMCUyMCUyMCUyMCUyMCUyMCU3RCUyQyUwQSUyMCUyMCUyMCUyMCUyMCUyMCU3QiUwQSUyMCUyMCUyMCUyMCUyMCUyMCUyMCUyMGRhdGUlM0ElMjAlNjAxMiUyRjEwJTJGJTI0JTdCeWVhciU3RCU2MCUyQyUwQSUyMCUyMCUyMCUyMCUyMCUyMCUyMCUyMGRhdGVOdW1iZXIlM0ElMjAlMjcxMCUyNyUyQyUwQSUyMCUyMCUyMCUyMCUyMCUyMCUyMCUyMGRhdGVNb250aCUzQSUyMCUyN0RlemVtYmVyJTI3JTJDJTBBJTIwJTIwJTIwJTIwJTIwJTIwJTIwJTIwY29udGVudCUzQSUyMCUyN1NwJUMzJUE0dGVzdGVucyUyMGRhbm4lMjBtJUMzJUJDc3NlbiUyMGRpZSUyMFN0ZXVlcmVya2wlQzMlQTRydW5nZW4lMjBmJUMzJUJDciUyMG5hdCVDMyVCQ3JsaWNoZSUyMHVuZCUyMGp1cmlzdGlzY2hlJTIwUGVyc29uZW4lMjBlaW5nZWdhbmdlbiUyMHNlaW4uJTI3JTBBJTIwJTIwJTIwJTIwJTIwJTIwJTdEJTBBJTIwJTIwJTIwJTIwJTVEJTNCJTBBJTBBJTIwJTIwJTIwJTIwY29uc3QlMjBub3clMjAlM0QlMjBuZXclMjBEYXRlJTI4JTI5JTNCJTBBJTBBJTIwJTIwJTIwJTIwbGV0JTIwY2xvc2VzdCUyMCUzRCUyMEluZmluaXR5JTNCJTBBJTBBJTIwJTIwJTIwJTIwZGF0ZXMuZm9yRWFjaCUyOGZ1bmN0aW9uJTIwJTI4ZCUyOSUyMCU3QiUwQSUyMCUyMCUyMCUyMCUyMCUyMGNvbnN0JTIwZGF0ZSUyMCUzRCUyMG5ldyUyMERhdGUlMjhkLmRhdGUlMjklM0IlMEElMEElMjAlMjAlMjAlMjAlMjAlMjBpZiUyMCUyOGRhdGUlMjAlM0UlM0QlMjBub3clMjAlMjYlMjYlMjAlMjhkYXRlJTIwJTNDJTIwbmV3JTIwRGF0ZSUyOGNsb3Nlc3QlMjklMjAlN0MlN0MlMjBkYXRlJTIwJTNDJTIwY2xvc2VzdCUyOSUyOSUyMCU3QiUwQSUyMCUyMCUyMCUyMCUyMCUyMCUyMCUyMGNsb3Nlc3QlMjAlM0QlMjBkJTNCJTBBJTIwJTIwJTIwJTIwJTIwJTIwJTdEJTBBJTIwJTIwJTIwJTIwJTdEJTI5JTNCJTBBJTBBJTIwJTIwJTIwJTIwY29uc29sZS5sb2clMjhjbG9zZXN0LmRhdGVOdW1iZXIlMjAlMkIlMjAlMjclMjAlMjclMjAlMkIlMjBjbG9zZXN0LmRhdGVNb250aCUyMCUyQiUyMCUyNyUzQSUyMCUyNyUyMCUyQiUyMGNsb3Nlc3QuY29udGVudCUyOSUzQiUwQSUwQSUyMCUyMCUyMCUyMGNvbnN0JTIwZGF5JTIwJTNEJTIwZG9jdW1lbnQucXVlcnlTZWxlY3RvciUyOCUyNy5kYXRlLWRheSUyNyUyOSUzQiUwQSUyMCUyMCUyMCUyMGNvbnN0JTIwbW9udGglMjAlM0QlMjBkb2N1bWVudC5xdWVyeVNlbGVjdG9yJTI4JTI3LmRhdGUtbW9udGglMjclMjklM0IlMEElMjAlMjAlMjAlMjBjb25zdCUyMGNvbnRlbnQlMjAlM0QlMjBkb2N1bWVudC5xdWVyeVNlbGVjdG9yJTI4JTI3LmRhdGUtY29udGVudCUyNyUyOSUzQiUwQSUwQSUyMCUyMCUyMCUyMGRheS50ZXh0Q29udGVudCUyMCUzRCUyMGNsb3Nlc3QuZGF0ZU51bWJlciUzQiUwQSUyMCUyMCUyMCUyMG1vbnRoLnRleHRDb250ZW50JTIwJTNEJTIwY2xvc2VzdC5kYXRlTW9udGglM0IlMEElMjAlMjAlMjAlMjBjb250ZW50LmlubmVySFRNTCUyMCUzRCUyMGNsb3Nlc3QuY29udGVudCUzQiUwQSUwQSUyMCUyMCUzQyUyRnNjcmlwdCUzRQ==[\/vc_raw_js][\/vc_column][\/vc_row][\/vc_section]\n<\/div><\/div>[\/vc_column][\/vc_row][vc_section disable_element=&#8220;yes&#8220; el_class=&#8220;blog-section pad-t-2 pad-b-2&#8243; el_id=&#8220;blog&#8220;][vc_row el_class=&#8220;pad-t-2 pad-b-2&#8243;][vc_column width=&#8220;1\/2&#8243;][vc_custom_heading text=&#8220;Corvus Blog&#8220; use_theme_fonts=&#8220;yes&#8220;][\/vc_column][vc_column width=&#8220;1\/2&#8243;][vc_basic_grid post_type=&#8220;post&#8220; max_items=&#8220;2&#8243; element_width=&#8220;12&#8243; item=&#8220;116&#8243; initial_loading_animation=&#8220;none&#8220; grid_id=&#8220;vc_gid:1706798590120-7966cf09a5aad7a8ad64353ecb713547-9&#8243; el_class=&#8220;post-home-grid grid-column-margin-0&#8243;][vc_column_text]<a class=\"block mega bold text-purple gutter-10\" href=\"#\">View more posts.<\/a>[\/vc_column_text][\/vc_column][\/vc_row][\/vc_section][vc_row el_class=&#8220;push-0&#8243; css=&#8220;.vc_custom_1706798643429{margin-bottom: 0px !important;}&#8220;][vc_column]<div class=\"templatera_shortcode\"><div class=\"wpb-content-wrapper\">[vc_section full_width=&#8220;stretch_row&#8220; el_id=&#8220;testimonials&#8220; el_class=&#8220;testimonials push-0 bg-green&#8220; css=&#8220;.vc_custom_1561384472057{background-color: #acc42a !important;}&#8220;][vc_row][vc_column width=&#8220;1\/3&#8243;][\/vc_column][vc_column width=&#8220;2\/3&#8243;][vc_raw_html]JTNDYmxvY2txdW90ZSUyMGNsYXNzJTNEJTIydGVzdGltb25pYWxzLXF1b3RlJTIwdGV4dC1yaWdodCUyMHBhZC10LTIlMjBwYWQtYi0yJTIwcmVsYXRpdmUlMjIlM0UlMEElMjAlMjAlM0NzdmclMjBpZCUzRCUyMnF1b3RlcyUyMiUyMGNsYXNzJTNEJTIycXVvdGVzLXN2ZyUyMiUyMGRhdGEtbmFtZSUzRCUyMnF1b3RlcyUyMiUyMHhtbG5zJTNEJTIyaHR0cCUzQSUyRiUyRnd3dy53My5vcmclMkYyMDAwJTJGc3ZnJTIyJTIwdmlld0JveCUzRCUyMjAlMjAwJTIwMTk5LjYyJTIwMTUyLjI5JTIyJTNFJTBBJTIwJTIwJTIwJTIwJTNDdGl0bGUlM0VxdW90ZXMlM0MlMkZ0aXRsZSUzRSUwQSUyMCUyMCUyMCUyMCUzQ3BhdGglMjBpZCUzRCUyMnF1b3Rlcy1ib3R0b20lMjIlMjBjbGFzcyUzRCUyMnF1b3Rlcy1ib3R0b20lMjIlMjBkYXRhLW5hbWUlM0QlMjJib3R0b20lMjIlMjBkJTNEJTIyTTEwMC4wOCUyQzg4Ljg5cTUuNDklMkM5LjI2JTJDNS41MSUyQzIxLjg5JTJDMCUyQzE4LjgxLTEyJTJDMzAuMTVUNjIuOCUyQzE1Mi4yOVE0NCUyQzE1Mi4yOSUyQzMyJTJDMTQwLjkzVDIwJTJDMTEwLjc4YTY0LjUxJTJDNjQuNTElMkMwJTJDMCUyQzElMkMyLjI3LTE2Ljg2cTIuMjUtOC40MyUyQzEwLjM3LTI1LjYyTDU1LjMzJTJDMjBoNDUuNEw4NC41MSUyQzc0Ljc5QTM1Ljg4JTJDMzUuODglMkMwJTJDMCUyQzElMkMxMDAuMDglMkM4OC44OVptOTQlMkMwcTUuNTElMkM5LjI2JTJDNS41MiUyQzIxLjg5JTJDMCUyQzE4LjgxLTEyJTJDMzAuMTV0LTMwLjc5JTJDMTEuMzZxLTE4LjgyJTJDMC0zMC44LTExLjM2dC0xMi0zMC4xNWE2NC45MyUyQzY0LjkzJTJDMCUyQzAlMkMxJTJDMi4yNy0xNi44NnEyLjI2LTguNDMlMkMxMC4zNy0yNS42MkwxNDkuMzYlMkMyMGg0NS40TDE3OC41NCUyQzc0Ljc5YTM1LjkxJTJDMzUuOTElMkMwJTJDMCUyQzElMkMxNS41NiUyQzE0LjFaJTIyJTJGJTNFJTBBJTIwJTIwJTIwJTIwJTNDcGF0aCUyMGlkJTNEJTIycXVvdGVzLXRvcCUyMiUyMGNsYXNzJTNEJTIycXVvdGVzLXRvcCUyMiUyMGRhdGEtbmFtZSUzRCUyMnRvcCUyMiUyMGQlM0QlMjJNODAuMDglMkM2OC44OXE1LjQ5JTJDOS4yNiUyQzUuNTElMkMyMS44OSUyQzAlMkMxOC44MS0xMiUyQzMwLjE1VDQyLjglMkMxMzIuMjlRMjQlMkMxMzIuMjklMkMxMiUyQzEyMC45M1QwJTJDOTAuNzhBNjQuNTElMkM2NC41MSUyQzAlMkMwJTJDMSUyQzIuMjclMkM3My45MlE0LjUyJTJDNjUuNDklMkMxMi42NCUyQzQ4LjNMMzUuMzMlMkMwaDQ1LjRMNjQuNTElMkM1NC43OUEzNS44OCUyQzM1Ljg4JTJDMCUyQzAlMkMxJTJDODAuMDglMkM2OC44OVptOTQlMkMwcTUuNTElMkM5LjI2JTJDNS41MiUyQzIxLjg5JTJDMCUyQzE4LjgxLTEyJTJDMzAuMTV0LTMwLjc5JTJDMTEuMzZxLTE4LjgyJTJDMC0zMC44LTExLjM2VDk0JTJDOTAuNzhhNjQuOTMlMkM2NC45MyUyQzAlMkMwJTJDMSUyQzIuMjctMTYuODZxMi4yNi04LjQzJTJDMTAuMzctMjUuNjJMMTI5LjM2JTJDMGg0NS40TDE1OC41NCUyQzU0Ljc5YTM1LjkxJTJDMzUuOTElMkMwJTJDMCUyQzElMkMxNS41NiUyQzE0LjFaJTIyJTJGJTNFJTBBJTIwJTIwJTNDJTJGc3ZnJTNFJTBBJTIwJTIwJTNDcCUyMGlkJTNEJTIycS1xdW90ZSUyMiUyMGNsYXNzJTNEJTIydGVzdGltb25pYWxzLXRleHQlMjB0ZXh0LWZmZiUyMG1lZ2ElMjBib2xkJTIwcmVsYXRpdmUlMjIlM0VJJTI3dmUlMjBiZWVuJTIwdXNpbmclMjBDb3J2dXMlMjBmb3IlMjBteSUyMEFtZXJpY2FuJTIwdGF4JTIwcmV0dXJucyUyMGZvciUyMHllYXJzLiUyMEklMjBoYXZlJTIwYWx3YXlzJTIwYmVlbiUyMGNvbXBsZXRlbHklMjBzYXRpc2ZpZWQlMjB3aXRoJTIwdGhlaXIlMjBzZXJ2aWNlcy4lMjBJJTIwcGFydGljdWxhcmx5JTIwdmFsdWUlMjB0aGVpciUyMHBlcnNvbmFsJTIwYXBwcm9hY2glMkMlMjBhbmQlMjB0aGUlMjBmYWN0JTIwdGhhdCUyMHRoZXklMjdyZSUyMGFsd2F5cyUyMHdpbGxpbmclMjB0byUyMGdvJTIwdGhlJTIwZXh0cmElMjBtaWxlLiUzQyUyRnAlM0UlMEElMjAlMjAlM0NjaXRlJTIwaWQlM0QlMjJxLW5hbWUlMjIlMjBjbGFzcyUzRCUyMnRlc3RpbW9uaWFscy1uYW1lJTIwYmxvY2slMjBib2xkJTIwbm90LWl0YWxpYyUyMHRleHQtdXBwZXIlMjB0ZXh0LXB1cnBsZSUyMHRlcmElMjIlM0VILiUyMEJydWdnaW5rJTNDJTJGY2l0ZSUzRSUwQSUyMCUyMCUzQ3NwYW4lMjBpZCUzRCUyMnEtbG9jJTIyJTIwY2xhc3MlM0QlMjJ0ZXN0aW1vbmlhbHMtbG9jYXRpb24lMjB0ZXh0LXVwcGVyJTIwdGV4dC1wdXJwbGUlMjBtZWdhJTIyJTNFVGhlJTIwTmV0aGVybGFuZHMlM0MlMkZzcGFuJTNFJTBBJTNDJTJGYmxvY2txdW90ZSUzRSUwQQ==[\/vc_raw_html][vc_raw_js]JTNDc2NyaXB0JTNFJTBBJTI0LmdldEpTT04lMjglMjclMkZ3cC1jb250ZW50JTJGdGhlbWVzJTJGc2FsaWVudC1jaGlsZCUyRnF1b3Rlcy1kZS5qc29uJTI3JTI5LmRvbmUlMjhmdW5jdGlvbiUyOGRhdGElMjklN0IlMEElMjAlMjB2YXIlMjBxdW90ZSUyMCUzRCUyMGRhdGElNUJNYXRoLmZsb29yJTI4TWF0aC5yYW5kb20lMjglMjklMkFkYXRhLmxlbmd0aCUyOSU1RCUzQiUwQSUwQSUyMCUyMCUyNCUyOCUyNyUyM3EtcXVvdGUlMjclMjkudGV4dCUyOHF1b3RlLnF1b3RlJTI5JTNCJTBBJTIwJTIwJTI0JTI4JTI3JTIzcS1uYW1lJTI3JTI5LnRleHQlMjhxdW90ZS5uYW1lJTI5JTNCJTBBJTIwJTIwJTI0JTI4JTI3JTIzcS1sb2MlMjclMjkudGV4dCUyOHF1b3RlLmxvYyUyOSUzQiUwQSU3RCUyOSUzQiUwQSUzQyUyRnNjcmlwdCUzRQ==[\/vc_raw_js][\/vc_column][\/vc_row][\/vc_section]\n<\/div><\/div>[\/vc_column][\/vc_row]\n<\/div>","protected":false},"excerpt":{"rendered":"<p>[vc_section content_placement=&#8220;middle&#8220; el_class=&#8220;hero&#8220; el_id=&#8220;services&#8220;][vc_row css=&#8220;.vc_custom_1561734098606{background-image: url(http:\/\/corvus.isunderconstruction.com\/wp-content\/uploads\/2019\/06\/compass.png?id=160) !important;}&#8220; el_class=&#8220;hero-content-w-bg&#8220;][vc_column][vc_custom_heading text=&#8220;Sicher ist es kompliziert.&#8220; font_container=&#8220;tag:h1|text_align:left&#8220; use_theme_fonts=&#8220;yes&#8220;][vc_column_text el_class=&#8220;hero-text&#8220;] Aus diesem Grund w\u00e4hlen Hunderte nichtamerikanischer Investoren Corvus, um in ihren amerikanischen Steuererkl\u00e4rungen zu navigieren&#8230;.<\/p>\n","protected":false},"author":1,"featured_media":0,"parent":0,"menu_order":0,"comment_status":"closed","ping_status":"closed","template":"","meta":{"_acf_changed":false,"footnotes":""},"class_list":["post-253","page","type-page","status-publish"],"acf":[],"_links":{"self":[{"href":"https:\/\/corvustax.com\/de\/wp-json\/wp\/v2\/pages\/253","targetHints":{"allow":["GET"]}}],"collection":[{"href":"https:\/\/corvustax.com\/de\/wp-json\/wp\/v2\/pages"}],"about":[{"href":"https:\/\/corvustax.com\/de\/wp-json\/wp\/v2\/types\/page"}],"author":[{"embeddable":true,"href":"https:\/\/corvustax.com\/de\/wp-json\/wp\/v2\/users\/1"}],"replies":[{"embeddable":true,"href":"https:\/\/corvustax.com\/de\/wp-json\/wp\/v2\/comments?post=253"}],"version-history":[{"count":10,"href":"https:\/\/corvustax.com\/de\/wp-json\/wp\/v2\/pages\/253\/revisions"}],"predecessor-version":[{"id":503,"href":"https:\/\/corvustax.com\/de\/wp-json\/wp\/v2\/pages\/253\/revisions\/503"}],"wp:attachment":[{"href":"https:\/\/corvustax.com\/de\/wp-json\/wp\/v2\/media?parent=253"}],"curies":[{"name":"wp","href":"https:\/\/api.w.org\/{rel}","templated":true}]}}